{"id":90,"date":"2025-03-28T10:59:06","date_gmt":"2025-03-28T10:59:06","guid":{"rendered":"https:\/\/whisky-golf-lounge.de\/?page_id=90"},"modified":"2026-03-18T12:55:41","modified_gmt":"2026-03-18T12:55:41","slug":"angebot","status":"publish","type":"page","link":"https:\/\/whisky-golf-lounge.de\/en\/angebot\/","title":{"rendered":"Our Offer"},"content":{"rendered":"<div class=\"wp-block-group alignfull has-accent-background-color has-background has-global-padding is-layout-constrained wp-container-core-group-is-layout-669513ed wp-block-group-is-layout-constrained\" style=\"margin-top:0;margin-bottom:0;padding-top:var(--wp--preset--spacing--50);padding-right:var(--wp--preset--spacing--50);padding-bottom:var(--wp--preset--spacing--50);padding-left:var(--wp--preset--spacing--50)\">\n<div class=\"wp-block-columns alignwide is-layout-flex wp-container-core-columns-is-layout-1da03c2a wp-block-columns-is-layout-flex\">\n<div class=\"wp-block-column is-vertically-aligned-stretch is-layout-flow wp-block-column-is-layout-flow\" style=\"flex-basis:50%\">\n<div class=\"wp-block-group is-vertical is-content-justification-stretch is-layout-flex wp-container-core-group-is-layout-444d5ee8 wp-block-group-is-layout-flex\" style=\"min-height:100%\">\n<p class=\"has-heading-font-family has-x-large-font-size\" style=\"line-height:1.2\">Good times. Games. Your space.<\/p>\n\n\n\n<div class=\"wp-block-group has-global-padding is-content-justification-left is-layout-constrained wp-container-core-group-is-layout-9fe8ed88 wp-block-group-is-layout-constrained\">\n<p class=\"wp-container-content-0733e5d0\">Discover what our lounge has to offer \u2013<br>whether you're looking for a relaxed evening, a business event, or simply a good drink in a cozy setting.<\/p>\n\n\n\n<p class=\"wp-container-content-0733e5d0\"><\/p>\n\n\n\n<div class=\"wp-block-buttons is-layout-flex wp-block-buttons-is-layout-flex\">\n<div class=\"wp-block-button\"><a class=\"wp-block-button__link wp-element-button\" href=\"https:\/\/whisky-golf-lounge.de\/en\/kontakt\/\">Book Now<\/a><\/div>\n<\/div>\n<\/div>\n<\/div>\n<\/div>\n\n\n\n<div class=\"wp-block-column is-vertically-aligned-center is-layout-flow wp-block-column-is-layout-flow\" style=\"flex-basis:50%\">\n<figure class=\"wp-block-image size-full is-style-rounded is-style-rounded--1\"><img loading=\"lazy\" decoding=\"async\" width=\"1721\" height=\"1145\" src=\"https:\/\/whisky-golf-lounge.de\/wp-content\/uploads\/2025\/04\/PM7_9464-1.jpg\" alt=\"\" class=\"wp-image-290\" style=\"aspect-ratio:3\/4;object-fit:cover\" srcset=\"https:\/\/whisky-golf-lounge.de\/wp-content\/uploads\/2025\/04\/PM7_9464-1.jpg 1721w, https:\/\/whisky-golf-lounge.de\/wp-content\/uploads\/2025\/04\/PM7_9464-1-300x200.jpg 300w, https:\/\/whisky-golf-lounge.de\/wp-content\/uploads\/2025\/04\/PM7_9464-1-1024x681.jpg 1024w, https:\/\/whisky-golf-lounge.de\/wp-content\/uploads\/2025\/04\/PM7_9464-1-768x511.jpg 768w, https:\/\/whisky-golf-lounge.de\/wp-content\/uploads\/2025\/04\/PM7_9464-1-1536x1022.jpg 1536w, https:\/\/whisky-golf-lounge.de\/wp-content\/uploads\/2025\/04\/PM7_9464-1-600x399.jpg 600w\" sizes=\"auto, (max-width: 1721px) 100vw, 1721px\" \/><\/figure>\n<\/div>\n<\/div>\n<\/div>\n\n\n\n<div class=\"wp-block-group alignfull has-accent-5-background-color has-background has-global-padding is-layout-constrained wp-container-core-group-is-layout-d89aad35 wp-block-group-is-layout-constrained\" style=\"margin-top:0;margin-bottom:0;padding-top:var(--wp--preset--spacing--50);padding-right:var(--wp--preset--spacing--50);padding-bottom:var(--wp--preset--spacing--50);padding-left:var(--wp--preset--spacing--50)\">\n<div class=\"wp-block-columns alignwide is-layout-flex wp-container-core-columns-is-layout-1da03c2a wp-block-columns-is-layout-flex\">\n<div class=\"wp-block-column is-vertically-aligned-center is-layout-flow wp-block-column-is-layout-flow\" style=\"flex-basis:60%\">\n<figure class=\"wp-block-image size-full is-style-rounded wp-duotone-unset-3 is-style-rounded--2\"><img loading=\"lazy\" decoding=\"async\" width=\"1000\" height=\"750\" src=\"https:\/\/whisky-golf-lounge.de\/wp-content\/uploads\/2025\/04\/image00006.jpg\" alt=\"\" class=\"wp-image-292\" style=\"aspect-ratio:4\/3;object-fit:cover\" srcset=\"https:\/\/whisky-golf-lounge.de\/wp-content\/uploads\/2025\/04\/image00006.jpg 1000w, https:\/\/whisky-golf-lounge.de\/wp-content\/uploads\/2025\/04\/image00006-300x225.jpg 300w, https:\/\/whisky-golf-lounge.de\/wp-content\/uploads\/2025\/04\/image00006-768x576.jpg 768w, https:\/\/whisky-golf-lounge.de\/wp-content\/uploads\/2025\/04\/image00006-600x450.jpg 600w\" sizes=\"auto, (max-width: 1000px) 100vw, 1000px\" \/><\/figure>\n<\/div>\n\n\n\n<div class=\"wp-block-column is-layout-flow wp-block-column-is-layout-flow\" style=\"flex-basis:40%\">\n<h2 class=\"wp-block-heading\">Indoor Golf<\/h2>\n\n\n\n<p>Golf fun, no matter the weather \u2013 with our big screen you\u2019ll experience realistic swings and engaging gameplay.<\/p>\n\n\n\n<ul class=\"wp-block-list\">\n<li>Perfect for beginners and pros<\/li>\n\n\n\n<li>Casual play or focused training<\/li>\n\n\n\n<li>Optional mentoring by an experienced golfer<\/li>\n<\/ul>\n\n\n\n<p><\/p>\n\n\n\n<div class=\"wp-block-buttons is-layout-flex wp-block-buttons-is-layout-flex\">\n<div class=\"wp-block-button\"><a class=\"wp-block-button__link wp-element-button\" href=\"https:\/\/whisky-golf-lounge.de\/en\/contact\/https:\/\/whisky-golf-lounge.de\/kontakt\/\">Book Now<\/a><\/div>\n<\/div>\n<\/div>\n<\/div>\n<\/div>\n\n\n\n<div class=\"wp-block-group alignfull has-accent-5-background-color has-background has-global-padding is-layout-constrained wp-container-core-group-is-layout-d89aad35 wp-block-group-is-layout-constrained\" style=\"margin-top:0;margin-bottom:0;padding-top:var(--wp--preset--spacing--50);padding-right:var(--wp--preset--spacing--50);padding-bottom:var(--wp--preset--spacing--50);padding-left:var(--wp--preset--spacing--50)\">\n<div class=\"wp-block-columns alignwide is-layout-flex wp-container-core-columns-is-layout-1da03c2a wp-block-columns-is-layout-flex\">\n<div class=\"wp-block-column is-vertically-aligned-center is-layout-flow wp-block-column-is-layout-flow\" style=\"flex-basis:60%\">\n<figure class=\"wp-block-image size-full is-style-rounded wp-duotone-unset-5 is-style-rounded--4\"><img loading=\"lazy\" decoding=\"async\" width=\"1854\" height=\"1234\" src=\"https:\/\/whisky-golf-lounge.de\/wp-content\/uploads\/2025\/04\/PM7_9478.jpg\" alt=\"\" class=\"wp-image-291\" style=\"aspect-ratio:4\/3;object-fit:cover\" srcset=\"https:\/\/whisky-golf-lounge.de\/wp-content\/uploads\/2025\/04\/PM7_9478.jpg 1854w, https:\/\/whisky-golf-lounge.de\/wp-content\/uploads\/2025\/04\/PM7_9478-300x200.jpg 300w, https:\/\/whisky-golf-lounge.de\/wp-content\/uploads\/2025\/04\/PM7_9478-1024x682.jpg 1024w, https:\/\/whisky-golf-lounge.de\/wp-content\/uploads\/2025\/04\/PM7_9478-768x511.jpg 768w, https:\/\/whisky-golf-lounge.de\/wp-content\/uploads\/2025\/04\/PM7_9478-1536x1022.jpg 1536w, https:\/\/whisky-golf-lounge.de\/wp-content\/uploads\/2025\/04\/PM7_9478-600x399.jpg 600w\" sizes=\"auto, (max-width: 1854px) 100vw, 1854px\" \/><\/figure>\n<\/div>\n\n\n\n<div class=\"wp-block-column is-layout-flow wp-block-column-is-layout-flow\" style=\"flex-basis:40%\">\n<h2 class=\"wp-block-heading\">Whisky, Wine &amp; More<\/h2>\n\n\n\n<p>Good drinks for good evenings \u2013 honest, down-to-earth, and full of flavor.<\/p>\n\n\n\n<ul class=\"wp-block-list\">\n<li>Whiskies &amp; wines that just taste good \u2013 nothing more, nothing less<\/li>\n\n\n\n<li>Non-alcoholic options also available<\/li>\n\n\n\n<li>Faire Preise<\/li>\n<\/ul>\n\n\n\n<div class=\"wp-block-buttons is-layout-flex wp-block-buttons-is-layout-flex\">\n<div class=\"wp-block-button\"><a class=\"wp-block-button__link wp-element-button\" href=\"https:\/\/whisky-golf-lounge.de\/en\/kontakt\/\">Book Now<\/a><\/div>\n<\/div>\n<\/div>\n<\/div>\n<\/div>\n\n\n\n<div class=\"wp-block-group alignfull has-accent-5-background-color has-background has-global-padding is-layout-constrained wp-container-core-group-is-layout-d89aad35 wp-block-group-is-layout-constrained\" style=\"margin-top:0;margin-bottom:0;padding-top:var(--wp--preset--spacing--50);padding-right:var(--wp--preset--spacing--50);padding-bottom:var(--wp--preset--spacing--50);padding-left:var(--wp--preset--spacing--50)\">\n<div class=\"wp-block-columns alignwide is-layout-flex wp-container-core-columns-is-layout-1da03c2a wp-block-columns-is-layout-flex\">\n<div class=\"wp-block-column is-vertically-aligned-center is-layout-flow wp-block-column-is-layout-flow\" style=\"flex-basis:60%\">\n<figure class=\"wp-block-image size-full is-style-rounded wp-duotone-unset-7 is-style-rounded--6\"><img loading=\"lazy\" decoding=\"async\" width=\"1000\" height=\"666\" src=\"https:\/\/whisky-golf-lounge.de\/wp-content\/uploads\/2025\/04\/PM7_9526.jpg\" alt=\"\" class=\"wp-image-293\" style=\"aspect-ratio:4\/3;object-fit:cover\" srcset=\"https:\/\/whisky-golf-lounge.de\/wp-content\/uploads\/2025\/04\/PM7_9526.jpg 1000w, https:\/\/whisky-golf-lounge.de\/wp-content\/uploads\/2025\/04\/PM7_9526-300x200.jpg 300w, https:\/\/whisky-golf-lounge.de\/wp-content\/uploads\/2025\/04\/PM7_9526-768x511.jpg 768w, https:\/\/whisky-golf-lounge.de\/wp-content\/uploads\/2025\/04\/PM7_9526-600x400.jpg 600w\" sizes=\"auto, (max-width: 1000px) 100vw, 1000px\" \/><\/figure>\n<\/div>\n\n\n\n<div class=\"wp-block-column is-layout-flow wp-block-column-is-layout-flow\" style=\"flex-basis:40%\">\n<h2 class=\"wp-block-heading\">Lounge &amp; Games<\/h2>\n\n\n\n<p>Never a dull moment here.<br>Billiards, darts, and chilled lounge music make every visit memorable.<\/p>\n\n\n\n<ul class=\"wp-block-list\">\n<li>Pool table<\/li>\n\n\n\n<li>Relaxed lounge music<\/li>\n\n\n\n<li>Dartboard<\/li>\n<\/ul>\n\n\n\n<div class=\"wp-block-buttons is-layout-flex wp-block-buttons-is-layout-flex\">\n<div class=\"wp-block-button\"><a class=\"wp-block-button__link wp-element-button\" href=\"https:\/\/whisky-golf-lounge.de\/en\/kontakt\/\">Book Now<\/a><\/div>\n<\/div>\n<\/div>\n<\/div>\n<\/div>\n\n\n\n<div class=\"wp-block-group alignfull has-accent-5-background-color has-background has-global-padding is-layout-constrained wp-container-core-group-is-layout-d89aad35 wp-block-group-is-layout-constrained\" style=\"margin-top:0;margin-bottom:0;padding-top:var(--wp--preset--spacing--50);padding-right:var(--wp--preset--spacing--50);padding-bottom:var(--wp--preset--spacing--50);padding-left:var(--wp--preset--spacing--50)\">\n<div class=\"wp-block-columns alignwide is-layout-flex wp-container-core-columns-is-layout-1da03c2a wp-block-columns-is-layout-flex\">\n<div class=\"wp-block-column is-vertically-aligned-center is-layout-flow wp-block-column-is-layout-flow\" style=\"flex-basis:60%\">\n<figure class=\"wp-block-image size-full is-style-rounded wp-duotone-unset-9 is-style-rounded--8\"><img loading=\"lazy\" decoding=\"async\" width=\"1000\" height=\"665\" src=\"https:\/\/whisky-golf-lounge.de\/wp-content\/uploads\/2025\/04\/PM7_9481.jpg\" alt=\"\" class=\"wp-image-295\" style=\"aspect-ratio:4\/3;object-fit:cover\" srcset=\"https:\/\/whisky-golf-lounge.de\/wp-content\/uploads\/2025\/04\/PM7_9481.jpg 1000w, https:\/\/whisky-golf-lounge.de\/wp-content\/uploads\/2025\/04\/PM7_9481-300x200.jpg 300w, https:\/\/whisky-golf-lounge.de\/wp-content\/uploads\/2025\/04\/PM7_9481-768x511.jpg 768w, https:\/\/whisky-golf-lounge.de\/wp-content\/uploads\/2025\/04\/PM7_9481-600x399.jpg 600w\" sizes=\"auto, (max-width: 1000px) 100vw, 1000px\" \/><\/figure>\n<\/div>\n\n\n\n<div class=\"wp-block-column is-layout-flow wp-block-column-is-layout-flow\" style=\"flex-basis:40%\">\n<h2 class=\"wp-block-heading\">Events &amp; Celebrations<\/h2>\n\n\n\n<p>Our spaces are available for private parties or corporate events.<br>Add a special vibe to your occasion.<\/p>\n\n\n\n<ul class=\"wp-block-list\">\n<li>Private events<\/li>\n\n\n\n<li>Company gatherings<\/li>\n\n\n\n<li>Custom offers on request<\/li>\n<\/ul>\n\n\n\n<div class=\"wp-block-buttons is-layout-flex wp-block-buttons-is-layout-flex\">\n<div class=\"wp-block-button\"><a class=\"wp-block-button__link wp-element-button\" href=\"https:\/\/whisky-golf-lounge.de\/en\/kontakt\/\">Book Now<\/a><\/div>\n<\/div>\n<\/div>\n<\/div>\n<\/div>\n\n\n\n<div class=\"wp-block-group alignfull has-accent-5-background-color has-background has-global-padding is-layout-constrained wp-container-core-group-is-layout-d89aad35 wp-block-group-is-layout-constrained\" style=\"margin-top:0;margin-bottom:0;padding-top:var(--wp--preset--spacing--50);padding-right:var(--wp--preset--spacing--50);padding-bottom:var(--wp--preset--spacing--50);padding-left:var(--wp--preset--spacing--50)\">\n<div class=\"wp-block-columns alignwide is-layout-flex wp-container-core-columns-is-layout-1da03c2a wp-block-columns-is-layout-flex\">\n<div class=\"wp-block-column is-vertically-aligned-center is-layout-flow wp-block-column-is-layout-flow\" style=\"flex-basis:60%\">\n<figure class=\"wp-block-gallery has-nested-images columns-default is-cropped wp-block-gallery-12 is-layout-flex wp-block-gallery-is-layout-flex\">\n<figure class=\"wp-block-image size-full is-style-rounded wp-duotone-unset-11 is-style-rounded--10\"><img loading=\"lazy\" decoding=\"async\" width=\"1854\" height=\"1234\" data-id=\"362\" src=\"https:\/\/whisky-golf-lounge.de\/wp-content\/uploads\/2025\/04\/PM7_9478-1.jpg\" alt=\"\" class=\"wp-image-362\" style=\"object-fit:cover\" srcset=\"https:\/\/whisky-golf-lounge.de\/wp-content\/uploads\/2025\/04\/PM7_9478-1.jpg 1854w, https:\/\/whisky-golf-lounge.de\/wp-content\/uploads\/2025\/04\/PM7_9478-1-300x200.jpg 300w, https:\/\/whisky-golf-lounge.de\/wp-content\/uploads\/2025\/04\/PM7_9478-1-1024x682.jpg 1024w, https:\/\/whisky-golf-lounge.de\/wp-content\/uploads\/2025\/04\/PM7_9478-1-768x511.jpg 768w, https:\/\/whisky-golf-lounge.de\/wp-content\/uploads\/2025\/04\/PM7_9478-1-1536x1022.jpg 1536w, https:\/\/whisky-golf-lounge.de\/wp-content\/uploads\/2025\/04\/PM7_9478-1-600x399.jpg 600w\" sizes=\"auto, (max-width: 1854px) 100vw, 1854px\" \/><\/figure>\n<\/figure>\n<\/div>\n\n\n\n<div class=\"wp-block-column is-layout-flow wp-block-column-is-layout-flow\" style=\"flex-basis:40%\">\n<h2 class=\"wp-block-heading\">Tastings<\/h2>\n\n\n\n<p>Whether wine or whisky \u2013 with us, you\u2019ll discover special aromas in a relaxed atmosphere.<\/p>\n\n\n\n<ul class=\"wp-block-list\">\n<li>Guided wine and whisky tastings<\/li>\n\n\n\n<li>Various themes &amp; tasting journeys<\/li>\n\n\n\n<li>Ideal for groups of 6 up to a maximum of 24 people<\/li>\n<\/ul>\n\n\n\n<div class=\"wp-block-buttons is-layout-flex wp-block-buttons-is-layout-flex\">\n<div class=\"wp-block-button\"><a class=\"wp-block-button__link wp-element-button\" href=\"https:\/\/whisky-golf-lounge.de\/en\/de_de\/veranstaltungen\/\">View event calendar<\/a><\/div>\n<\/div>\n<\/div>\n<\/div>\n<\/div>\n\n\n\n<div class=\"wp-block-group alignfull has-base-color has-contrast-background-color has-text-color has-background has-link-color wp-elements-ff53bc03184d271e6538842f6c31c23f has-global-padding is-layout-constrained wp-container-core-group-is-layout-d89aad35 wp-block-group-is-layout-constrained\" style=\"margin-top:0;margin-bottom:0;padding-top:var(--wp--preset--spacing--50);padding-right:var(--wp--preset--spacing--50);padding-bottom:var(--wp--preset--spacing--50);padding-left:var(--wp--preset--spacing--50)\">\n<h2 class=\"wp-block-heading alignwide has-base-color has-text-color has-link-color wp-elements-c9b5699bdecff18878afa112249018b5\" style=\"font-size:clamp(4.509rem, 4.509rem + ((1vw - 0.2rem) * 9.152), 10rem);letter-spacing:-0.02em\">FAQs<\/h2>\n\n\n\n<div class=\"wp-block-group alignwide is-layout-flow wp-block-group-is-layout-flow\">\n<hr class=\"wp-block-separator has-text-color has-base-color has-alpha-channel-opacity has-base-background-color has-background is-style-wide\" style=\"margin-top:var(--wp--preset--spacing--30);margin-bottom:var(--wp--preset--spacing--30)\"\/>\n\n\n\n<h3 class=\"wp-block-heading alignwide has-base-2-color has-text-color has-link-color wp-elements-8deccb2ba6be4f7eecc292011c139c9f\">Do I need to book in advance?<\/h3>\n\n\n\n<p class=\"has-contrast-1-color has-text-color has-link-color wp-elements-6eac971e490db74868dc352609272d80\">Yes, please!<br>To secure your preferred time slot, just send us a quick request \u2013 by phone or using the form under Contact \/ Reservation. <strong>Contact \/ Reservation<\/strong>.<\/p>\n\n\n\n<p class=\"has-contrast-1-color has-text-color has-link-color wp-elements-8c736f56de0089f60ad34e148daf27bf\">Spontaneous visits are possible depending on availability, but better safe than sorry.<\/p>\n\n\n\n<hr class=\"wp-block-separator has-text-color has-base-color has-alpha-channel-opacity has-base-background-color has-background is-style-wide\" style=\"margin-top:var(--wp--preset--spacing--30);margin-bottom:var(--wp--preset--spacing--30)\"\/>\n\n\n\n<h3 class=\"wp-block-heading alignwide has-base-2-color has-text-color has-link-color wp-elements-f8b6826dab47195a7f389000bdf9e892\">How does indoor golf work? Do I need my own equipment?<\/h3>\n\n\n\n<p class=\"has-contrast-1-color has-text-color has-link-color wp-elements-4004adabeb291cdd0b7937b348abc457\">Nope \u2013 we provide everything you need. Just drop in and get started.<\/p>\n\n\n\n<hr class=\"wp-block-separator has-text-color has-base-color has-alpha-channel-opacity has-base-background-color has-background is-style-wide\" style=\"margin-top:var(--wp--preset--spacing--30);margin-bottom:var(--wp--preset--spacing--30)\"\/>\n\n\n\n<h3 class=\"wp-block-heading alignwide has-base-2-color has-text-color has-link-color wp-elements-4f108b175f2cff7b8977ad6716cc6feb\">Are non-alcoholic drinks available?<\/h3>\n\n\n\n<p class=\"has-contrast-1-color has-text-color has-link-color wp-elements-456bdfc61f03543fc19c004bc404fe53\">Absolutely. In addition to fine whiskies and wines, we also offer a selection of non-alcoholic beverages.<\/p>\n\n\n\n<hr class=\"wp-block-separator has-text-color has-base-color has-alpha-channel-opacity has-base-background-color has-background is-style-wide\" style=\"margin-top:var(--wp--preset--spacing--30);margin-bottom:var(--wp--preset--spacing--30)\"\/>\n\n\n\n<h3 class=\"wp-block-heading alignwide has-base-2-color has-text-color has-link-color wp-elements-3d5c21d2bf4d4c44e5b1b17e7699e5bb\">Is there parking on site?<\/h3>\n\n\n\n<p class=\"has-contrast-1-color has-text-color has-link-color wp-elements-5919a05c07c16661b780e057e9f6133d\">Yes, there\u2019s plenty of parking available.<\/p>\n\n\n\n<hr class=\"wp-block-separator has-text-color has-base-color has-alpha-channel-opacity has-base-background-color has-background is-style-wide\" style=\"margin-top:var(--wp--preset--spacing--30);margin-bottom:var(--wp--preset--spacing--30)\"\/>\n\n\n\n<h3 class=\"wp-block-heading alignwide has-base-2-color has-text-color has-link-color wp-elements-c1b31e677ab7c2a9ce489772ba513851\">Can I use the kitchen?<\/h3>\n\n\n\n<p class=\"has-contrast-1-color has-text-color has-link-color wp-elements-68478cd773f134065d8e5dc6ff67546d\">Yes, our kitchen is at your disposal.\nWhether for small snacks or prepping your own specialties \u2014 feel free to use the space.<\/p>\n\n\n\n<div style=\"margin-top:var(--wp--preset--spacing--10);margin-bottom:0;height:var(--wp--preset--spacing--10)\" aria-hidden=\"true\" class=\"wp-block-spacer\"><\/div>\n<\/div>\n<\/div>","protected":false},"excerpt":{"rendered":"<p>Genuss. Spiel. Zeit f\u00fcr euch. Entdecken Sie, was unsere Lounge zu bieten hat.Ganz gleich, ob f\u00fcr einen entspannten Abend, ein Business-Event oder einfach nur f\u00fcr ein gutes Glas in stilvoller Umgebung. Indoor Golf Golferlebnis unabh\u00e4ngig vom Wetter \u2013 auf unserer gro\u00dfen Leinwand erleben Sie realistische Schw\u00fcnge und spannende Spiele. Whisky, Wein &amp; mehr Gute Drinks [&hellip;]<\/p>\n","protected":false},"author":1,"featured_media":0,"parent":0,"menu_order":0,"comment_status":"closed","ping_status":"closed","template":"","meta":{"footnotes":""},"class_list":["post-90","page","type-page","status-publish","hentry"],"aioseo_notices":[],"_links":{"self":[{"href":"https:\/\/whisky-golf-lounge.de\/en\/wp-json\/wp\/v2\/pages\/90","targetHints":{"allow":["GET"]}}],"collection":[{"href":"https:\/\/whisky-golf-lounge.de\/en\/wp-json\/wp\/v2\/pages"}],"about":[{"href":"https:\/\/whisky-golf-lounge.de\/en\/wp-json\/wp\/v2\/types\/page"}],"author":[{"embeddable":true,"href":"https:\/\/whisky-golf-lounge.de\/en\/wp-json\/wp\/v2\/users\/1"}],"replies":[{"embeddable":true,"href":"https:\/\/whisky-golf-lounge.de\/en\/wp-json\/wp\/v2\/comments?post=90"}],"version-history":[{"count":26,"href":"https:\/\/whisky-golf-lounge.de\/en\/wp-json\/wp\/v2\/pages\/90\/revisions"}],"predecessor-version":[{"id":553,"href":"https:\/\/whisky-golf-lounge.de\/en\/wp-json\/wp\/v2\/pages\/90\/revisions\/553"}],"wp:attachment":[{"href":"https:\/\/whisky-golf-lounge.de\/en\/wp-json\/wp\/v2\/media?parent=90"}],"curies":[{"name":"wp","href":"https:\/\/api.w.org\/{rel}","templated":true}]}}