{"id":554,"date":"2026-03-18T12:57:58","date_gmt":"2026-03-18T12:57:58","guid":{"rendered":"https:\/\/whisky-golf-lounge.de\/?page_id=554"},"modified":"2026-03-18T14:10:11","modified_gmt":"2026-03-18T14:10:11","slug":"tastings","status":"publish","type":"page","link":"https:\/\/whisky-golf-lounge.de\/en\/tastings\/","title":{"rendered":"Tastings"},"content":{"rendered":"<div class=\"wp-block-media-text alignfull is-stacked-on-mobile\"><figure class=\"wp-block-media-text__media\"><img loading=\"lazy\" decoding=\"async\" width=\"1024\" height=\"681\" src=\"https:\/\/whisky-golf-lounge.de\/wp-content\/uploads\/2025\/04\/PM7_9473-1024x681.jpg\" alt=\"\" class=\"wp-image-361 size-full\" srcset=\"https:\/\/whisky-golf-lounge.de\/wp-content\/uploads\/2025\/04\/PM7_9473-1024x681.jpg 1024w, https:\/\/whisky-golf-lounge.de\/wp-content\/uploads\/2025\/04\/PM7_9473-300x200.jpg 300w, https:\/\/whisky-golf-lounge.de\/wp-content\/uploads\/2025\/04\/PM7_9473-768x511.jpg 768w, https:\/\/whisky-golf-lounge.de\/wp-content\/uploads\/2025\/04\/PM7_9473-600x399.jpg 600w, https:\/\/whisky-golf-lounge.de\/wp-content\/uploads\/2025\/04\/PM7_9473.jpg 1500w\" sizes=\"auto, (max-width: 1024px) 100vw, 1024px\" \/><\/figure><div class=\"wp-block-media-text__content\">\n<p>Gemeinsam genie\u00dfen, entdecken und erleben \u2013 ob Wein oder Whisky.<br>Enjoy, discover, and experience together \u2013 whether wine or whisky.\nOur tastings are more than just sampling: they are evenings with character, flavor, and atmosphere.<\/p>\n\n\n\n<p>Perfect for birthdays, corporate events, anniversaries, or simply a special evening with friends.<\/p>\n<\/div><\/div>\n\n\n\n<blockquote class=\"wp-block-quote alignfull is-layout-flow wp-block-quote-is-layout-flow\">\n<figure class=\"wp-block-pullquote\"><blockquote><p>\u201cThe purpose of life is to live it, to taste experience to the utmost.\u201d<\/p><cite>Johann Wolfgang von Goethe<\/cite><\/blockquote><\/figure>\n<\/blockquote>\n\n\n\n<div class=\"wp-block-group alignwide has-base-2-background-color has-background has-global-padding is-layout-constrained wp-container-core-group-is-layout-a151063b wp-block-group-is-layout-constrained\" style=\"border-radius:16px;padding-top:var(--wp--preset--spacing--50);padding-right:var(--wp--preset--spacing--40);padding-bottom:var(--wp--preset--spacing--50);padding-left:var(--wp--preset--spacing--40)\">\n<div class=\"wp-block-group alignwide is-vertical is-content-justification-stretch is-layout-flex wp-container-core-group-is-layout-353c4f5a wp-block-group-is-layout-flex\">\n<h2 class=\"wp-block-heading has-text-align-center\">Wine Tastings<\/h2>\n\n\n\n<p class=\"has-text-align-center\" style=\"margin-top:var(--wp--preset--spacing--10);font-size:clamp(0.875rem, 0.875rem + ((1vw - 0.2rem) * 0.417), 1.125rem);\">Our tastings are ideal for groups.<br>Recommended group sizes: 6, 12, 18 up to a maximum of 24 people<\/p>\n<\/div>\n\n\n\n<div class=\"wp-block-columns alignwide is-layout-flex wp-container-core-columns-is-layout-06670bbc wp-block-columns-is-layout-flex\">\n<div class=\"wp-block-column is-layout-flow wp-block-column-is-layout-flow\" style=\"border-top-color:var(--wp--preset--color--contrast-3);border-top-width:1px;padding-top:var(--wp--preset--spacing--30);padding-right:var(--wp--preset--spacing--30);padding-bottom:var(--wp--preset--spacing--10);padding-left:var(--wp--preset--spacing--30)\">\n<h4 class=\"wp-block-heading has-text-align-center has-medium-font-size\" style=\"padding-top:1px\"><em><strong>France \u2013 Along the Great Rivers<\/strong><\/em><\/h4>\n\n\n\n<h5 class=\"wp-block-heading has-text-align-center has-x-large-font-size\">59&nbsp;\u20ac<\/h5>\n\n\n\n<div style=\"height:var(--wp--preset--spacing--10)\" aria-hidden=\"true\" class=\"wp-block-spacer\"><\/div>\n\n\n\n<div class=\"wp-block-group is-vertical is-content-justification-stretch is-layout-flex wp-container-core-group-is-layout-353c4f5a wp-block-group-is-layout-flex\">\n<p class=\"has-text-align-center\"><strong>2 <\/strong>\u00d7 Rh\u00f4ne, <strong>2<\/strong> \u00d7 Loire,<br><strong>2<\/strong> \u00d7 Garonne, <strong>2<\/strong> \u00d7 Dordogne<\/p>\n\n\n\n<hr class=\"wp-block-separator has-text-color has-contrast-3-color has-alpha-channel-opacity has-contrast-3-background-color has-background is-style-wide\"\/>\n\n\n\n<p class=\"has-text-align-center has-contrast-2-color has-text-color has-link-color wp-elements-4723851d7b099295859faaaf860e0a02\">Price per person incl. small snacks<\/p>\n\n\n\n<div style=\"height:0px\" aria-hidden=\"true\" class=\"wp-block-spacer wp-container-content-5cee9cb3\"><\/div>\n<\/div>\n\n\n\n<div class=\"wp-block-buttons is-content-justification-center is-layout-flex wp-container-core-buttons-is-layout-a89b3969 wp-block-buttons-is-layout-flex\">\n<div class=\"wp-block-button has-custom-width wp-block-button__width-100 is-style-outline is-style-outline--1\"><a class=\"wp-block-button__link wp-element-button\" href=\"https:\/\/whisky-golf-lounge.de\/en\/de_de\/veranstaltungen\/\">View event calendar<\/a><\/div>\n<\/div>\n<\/div>\n\n\n\n<div class=\"wp-block-column is-layout-flow wp-block-column-is-layout-flow\" style=\"border-top-color:var(--wp--preset--color--contrast-3);border-top-width:1px;padding-top:var(--wp--preset--spacing--30);padding-right:var(--wp--preset--spacing--30);padding-bottom:var(--wp--preset--spacing--10);padding-left:var(--wp--preset--spacing--30)\">\n<h4 class=\"wp-block-heading has-text-align-center has-medium-font-size\" style=\"padding-top:1px\"><em><strong>Mediterranean Wine Journey<\/strong><\/em><\/h4>\n\n\n\n<h5 class=\"wp-block-heading has-text-align-center has-x-large-font-size\">49&nbsp;\u20ac<\/h5>\n\n\n\n<div style=\"height:var(--wp--preset--spacing--10)\" aria-hidden=\"true\" class=\"wp-block-spacer\"><\/div>\n\n\n\n<div class=\"wp-block-group is-vertical is-content-justification-stretch is-layout-flex wp-container-core-group-is-layout-353c4f5a wp-block-group-is-layout-flex\">\n<p class=\"has-text-align-center\"><strong>1<\/strong> \u00d7 Portugal <strong>2<\/strong> \u00d7 Spain,<br><strong>2<\/strong> \u00d7 France, <strong>2<\/strong> \u00d7 Italy,<br><strong>1<\/strong> \u00d7 Greece<br><strong>3<\/strong> \u00d7 white wines,<strong> 2<\/strong> \u00d7 ros\u00e9,<br><strong>3<\/strong> \u00d7 red wines<\/p>\n\n\n\n<hr class=\"wp-block-separator has-text-color has-contrast-3-color has-alpha-channel-opacity has-contrast-3-background-color has-background is-style-wide\"\/>\n\n\n\n<p class=\"has-text-align-center has-contrast-2-color has-text-color has-link-color wp-elements-4723851d7b099295859faaaf860e0a02\">Price per person incl. small snacks<\/p>\n<\/div>\n\n\n\n<div style=\"height:var(--wp--preset--spacing--10)\" aria-hidden=\"true\" class=\"wp-block-spacer\"><\/div>\n\n\n\n<div class=\"wp-block-buttons is-content-justification-center is-layout-flex wp-container-core-buttons-is-layout-a89b3969 wp-block-buttons-is-layout-flex\">\n<div class=\"wp-block-button has-custom-width wp-block-button__width-100 is-style-outline is-style-outline--2\"><a class=\"wp-block-button__link wp-element-button\" href=\"https:\/\/whisky-golf-lounge.de\/en\/de_de\/veranstaltungen\/\">View event calendar<\/a><\/div>\n<\/div>\n<\/div>\n\n\n\n<div class=\"wp-block-column is-layout-flow wp-block-column-is-layout-flow\" style=\"border-top-color:var(--wp--preset--color--contrast-3);border-top-width:1px;padding-top:var(--wp--preset--spacing--30);padding-right:var(--wp--preset--spacing--30);padding-bottom:var(--wp--preset--spacing--10);padding-left:var(--wp--preset--spacing--30)\">\n<h4 class=\"wp-block-heading has-text-align-center has-medium-font-size\" style=\"padding-top:1px\"><em><strong>Italy \u2013 From North to South<\/strong><\/em><\/h4>\n\n\n\n<h5 class=\"wp-block-heading has-text-align-center has-x-large-font-size\">49&nbsp;\u20ac<\/h5>\n\n\n\n<div style=\"height:var(--wp--preset--spacing--10)\" aria-hidden=\"true\" class=\"wp-block-spacer\"><\/div>\n\n\n\n<div class=\"wp-block-group is-vertical is-content-justification-stretch is-layout-flex wp-container-core-group-is-layout-353c4f5a wp-block-group-is-layout-flex\">\n<p class=\"has-text-align-center\"><strong>1<\/strong> \u00d7 Prosecco, <strong>2<\/strong> \u00d7 white wines,<br><strong>2<\/strong> \u00d7 ros\u00e9, <strong>3<\/strong> \u00d7 red wines<\/p>\n\n\n\n<hr class=\"wp-block-separator has-text-color has-contrast-3-color has-alpha-channel-opacity has-contrast-3-background-color has-background is-style-wide\"\/>\n\n\n\n<p class=\"has-text-align-center\">Price per person incl. small snacks<\/p>\n<\/div>\n\n\n\n<div class=\"wp-block-buttons is-content-justification-center is-layout-flex wp-container-core-buttons-is-layout-a89b3969 wp-block-buttons-is-layout-flex\">\n<div class=\"wp-block-button has-custom-width wp-block-button__width-100 is-style-outline is-style-outline--3\"><a class=\"wp-block-button__link wp-element-button\" href=\"https:\/\/whisky-golf-lounge.de\/en\/de_de\/veranstaltungen\/\">View event calendar<\/a><\/div>\n<\/div>\n<\/div>\n<\/div>\n<\/div>\n\n\n\n<figure class=\"wp-block-gallery alignwide has-nested-images columns-default is-cropped wp-block-gallery-4 is-layout-flex wp-block-gallery-is-layout-flex\">\n<figure class=\"wp-block-image size-large\"><img loading=\"lazy\" decoding=\"async\" width=\"1024\" height=\"681\" data-id=\"366\" src=\"https:\/\/whisky-golf-lounge.de\/wp-content\/uploads\/2025\/04\/PM7_9499-1024x681.jpg\" alt=\"\" class=\"wp-image-366\" srcset=\"https:\/\/whisky-golf-lounge.de\/wp-content\/uploads\/2025\/04\/PM7_9499-1024x681.jpg 1024w, https:\/\/whisky-golf-lounge.de\/wp-content\/uploads\/2025\/04\/PM7_9499-300x200.jpg 300w, https:\/\/whisky-golf-lounge.de\/wp-content\/uploads\/2025\/04\/PM7_9499-768x511.jpg 768w, https:\/\/whisky-golf-lounge.de\/wp-content\/uploads\/2025\/04\/PM7_9499-1536x1022.jpg 1536w, https:\/\/whisky-golf-lounge.de\/wp-content\/uploads\/2025\/04\/PM7_9499-600x399.jpg 600w, https:\/\/whisky-golf-lounge.de\/wp-content\/uploads\/2025\/04\/PM7_9499.jpg 1991w\" sizes=\"auto, (max-width: 1024px) 100vw, 1024px\" \/><\/figure>\n\n\n\n<figure class=\"wp-block-image size-large\"><img loading=\"lazy\" decoding=\"async\" width=\"1000\" height=\"750\" data-id=\"352\" src=\"https:\/\/whisky-golf-lounge.de\/wp-content\/uploads\/2025\/04\/image00339-2.jpg\" alt=\"\" class=\"wp-image-352\" srcset=\"https:\/\/whisky-golf-lounge.de\/wp-content\/uploads\/2025\/04\/image00339-2.jpg 1000w, https:\/\/whisky-golf-lounge.de\/wp-content\/uploads\/2025\/04\/image00339-2-300x225.jpg 300w, https:\/\/whisky-golf-lounge.de\/wp-content\/uploads\/2025\/04\/image00339-2-768x576.jpg 768w, https:\/\/whisky-golf-lounge.de\/wp-content\/uploads\/2025\/04\/image00339-2-600x450.jpg 600w\" sizes=\"auto, (max-width: 1000px) 100vw, 1000px\" \/><\/figure>\n\n\n\n<figure class=\"wp-block-image size-large\"><img loading=\"lazy\" decoding=\"async\" width=\"1024\" height=\"682\" data-id=\"362\" src=\"https:\/\/whisky-golf-lounge.de\/wp-content\/uploads\/2025\/04\/PM7_9478-1-1024x682.jpg\" alt=\"\" class=\"wp-image-362\" srcset=\"https:\/\/whisky-golf-lounge.de\/wp-content\/uploads\/2025\/04\/PM7_9478-1-1024x682.jpg 1024w, https:\/\/whisky-golf-lounge.de\/wp-content\/uploads\/2025\/04\/PM7_9478-1-300x200.jpg 300w, https:\/\/whisky-golf-lounge.de\/wp-content\/uploads\/2025\/04\/PM7_9478-1-768x511.jpg 768w, https:\/\/whisky-golf-lounge.de\/wp-content\/uploads\/2025\/04\/PM7_9478-1-1536x1022.jpg 1536w, https:\/\/whisky-golf-lounge.de\/wp-content\/uploads\/2025\/04\/PM7_9478-1-600x399.jpg 600w, https:\/\/whisky-golf-lounge.de\/wp-content\/uploads\/2025\/04\/PM7_9478-1.jpg 1854w\" sizes=\"auto, (max-width: 1024px) 100vw, 1024px\" \/><\/figure>\n\n\n\n<figure class=\"wp-block-image size-large\"><img loading=\"lazy\" decoding=\"async\" width=\"1024\" height=\"681\" data-id=\"361\" src=\"https:\/\/whisky-golf-lounge.de\/wp-content\/uploads\/2025\/04\/PM7_9473-1024x681.jpg\" alt=\"\" class=\"wp-image-361\" srcset=\"https:\/\/whisky-golf-lounge.de\/wp-content\/uploads\/2025\/04\/PM7_9473-1024x681.jpg 1024w, https:\/\/whisky-golf-lounge.de\/wp-content\/uploads\/2025\/04\/PM7_9473-300x200.jpg 300w, https:\/\/whisky-golf-lounge.de\/wp-content\/uploads\/2025\/04\/PM7_9473-768x511.jpg 768w, https:\/\/whisky-golf-lounge.de\/wp-content\/uploads\/2025\/04\/PM7_9473-600x399.jpg 600w, https:\/\/whisky-golf-lounge.de\/wp-content\/uploads\/2025\/04\/PM7_9473.jpg 1500w\" sizes=\"auto, (max-width: 1024px) 100vw, 1024px\" \/><\/figure>\n\n\n\n<figure class=\"wp-block-image size-large\"><img loading=\"lazy\" decoding=\"async\" width=\"1000\" height=\"665\" data-id=\"360\" src=\"https:\/\/whisky-golf-lounge.de\/wp-content\/uploads\/2025\/04\/PM7_9467-1.jpg\" alt=\"\" class=\"wp-image-360\" srcset=\"https:\/\/whisky-golf-lounge.de\/wp-content\/uploads\/2025\/04\/PM7_9467-1.jpg 1000w, https:\/\/whisky-golf-lounge.de\/wp-content\/uploads\/2025\/04\/PM7_9467-1-300x200.jpg 300w, https:\/\/whisky-golf-lounge.de\/wp-content\/uploads\/2025\/04\/PM7_9467-1-768x511.jpg 768w, https:\/\/whisky-golf-lounge.de\/wp-content\/uploads\/2025\/04\/PM7_9467-1-600x399.jpg 600w\" sizes=\"auto, (max-width: 1000px) 100vw, 1000px\" \/><\/figure>\n\n\n\n<figure class=\"wp-block-image size-large\"><img loading=\"lazy\" decoding=\"async\" width=\"1000\" height=\"750\" data-id=\"340\" src=\"https:\/\/whisky-golf-lounge.de\/wp-content\/uploads\/2025\/04\/image00330.jpg\" alt=\"\" class=\"wp-image-340\" srcset=\"https:\/\/whisky-golf-lounge.de\/wp-content\/uploads\/2025\/04\/image00330.jpg 1000w, https:\/\/whisky-golf-lounge.de\/wp-content\/uploads\/2025\/04\/image00330-300x225.jpg 300w, https:\/\/whisky-golf-lounge.de\/wp-content\/uploads\/2025\/04\/image00330-768x576.jpg 768w, https:\/\/whisky-golf-lounge.de\/wp-content\/uploads\/2025\/04\/image00330-600x450.jpg 600w\" sizes=\"auto, (max-width: 1000px) 100vw, 1000px\" \/><\/figure>\n<\/figure>","protected":false},"excerpt":{"rendered":"<p>Gemeinsam genie\u00dfen, entdecken und erleben \u2013 ob Wein oder Whisky.Unsere Tastings sind mehr als nur Probieren: Es sind Abende mit Charakter, Geschmack und Atmosph\u00e4re. Perfekt f\u00fcr Geburtstage, Firmenfeiern, Jubil\u00e4en oder einfach einen besonderen Abend mit Freunden. \u201eDas Leben ist zu kurz, um schlechten Wein zu trinken.\u201c Johann Wolfgang von Goethe Weinproben Unsere Tastings sind ideal [&hellip;]<\/p>\n","protected":false},"author":1,"featured_media":0,"parent":0,"menu_order":0,"comment_status":"closed","ping_status":"closed","template":"","meta":{"footnotes":""},"class_list":["post-554","page","type-page","status-publish","hentry"],"aioseo_notices":[],"_links":{"self":[{"href":"https:\/\/whisky-golf-lounge.de\/en\/wp-json\/wp\/v2\/pages\/554","targetHints":{"allow":["GET"]}}],"collection":[{"href":"https:\/\/whisky-golf-lounge.de\/en\/wp-json\/wp\/v2\/pages"}],"about":[{"href":"https:\/\/whisky-golf-lounge.de\/en\/wp-json\/wp\/v2\/types\/page"}],"author":[{"embeddable":true,"href":"https:\/\/whisky-golf-lounge.de\/en\/wp-json\/wp\/v2\/users\/1"}],"replies":[{"embeddable":true,"href":"https:\/\/whisky-golf-lounge.de\/en\/wp-json\/wp\/v2\/comments?post=554"}],"version-history":[{"count":17,"href":"https:\/\/whisky-golf-lounge.de\/en\/wp-json\/wp\/v2\/pages\/554\/revisions"}],"predecessor-version":[{"id":581,"href":"https:\/\/whisky-golf-lounge.de\/en\/wp-json\/wp\/v2\/pages\/554\/revisions\/581"}],"wp:attachment":[{"href":"https:\/\/whisky-golf-lounge.de\/en\/wp-json\/wp\/v2\/media?parent=554"}],"curies":[{"name":"wp","href":"https:\/\/api.w.org\/{rel}","templated":true}]}}