{"id":3,"date":"2025-03-27T12:24:53","date_gmt":"2025-03-27T12:24:53","guid":{"rendered":"https:\/\/whisky-golf-lounge.de\/?page_id=3"},"modified":"2025-05-09T09:36:23","modified_gmt":"2025-05-09T09:36:23","slug":"privacy-policy","status":"publish","type":"page","link":"https:\/\/whisky-golf-lounge.de\/en\/privacy-policy\/","title":{"rendered":"Impressum &amp; Datenschutz"},"content":{"rendered":"<h2 class=\"wp-block-heading\">Impressum<\/h2>\n\n\n\n<p>Angaben gem\u00e4\u00df \u00a7 5 TMG:<\/p>\n\n\n\n<h2 class=\"wp-block-heading\">Whisky Golf Lounge<\/h2>\n\n\n\n<p>Ein Projekt der<br><strong>Werbefabrik Ikonikom GmbH &amp; Co. KG<\/strong><br>Baumwasenstra\u00dfe 22<br>D-73614 Schorndorf<\/p>\n\n\n\n<p>Tel: +49 (0)7181-48294-0<br>Fax: +49 (0)7181-48294-9<br>E-Mail: <a class=\"\">info@ikonikom.de<\/a><\/p>\n\n\n\n<h2 class=\"wp-block-heading\">Gesch\u00e4ftszeiten:<\/h2>\n\n\n\n<p>Montag bis Freitag: 8:00 \u2013 18:00 Uhr<br>Samstag &amp; Sonntag: nach Vereinbarung<\/p>\n\n\n\n<h2 class=\"wp-block-heading\">Sitz der KG:<\/h2>\n\n\n\n<p>Schorndorf<\/p>\n\n\n\n<h2 class=\"wp-block-heading\">Pers\u00f6nlich haftende Gesellschafterin:<\/h2>\n\n\n\n<p>Wiesner Verwaltungs GmbH<\/p>\n\n\n\n<h2 class=\"wp-block-heading\">Registergericht:<\/h2>\n\n\n\n<p>Stuttgart HRA 736890<\/p>\n\n\n\n<h2 class=\"wp-block-heading\">Gesch\u00e4ftsf\u00fchrerin:<\/h2>\n\n\n\n<p>Anett Wiesner<\/p>\n\n\n\n<h2 class=\"wp-block-heading\">Datenschutzerkl\u00e4rung<\/h2>\n\n\n\n<h2 class=\"wp-block-heading\">1. Verantwortlicher f\u00fcr die Datenverarbeitung<\/h2>\n\n\n\n<p>Peter Mathias<br>im Hause Werbefabrik Ikonikom GmbH &amp; Co. KG<br>Baumwasenstra\u00dfe 22<br>D-73614 Schorndorf<br>E-Mail: <a class=\"\">datenschutz@ikonikom.de<\/a><\/p>\n\n\n\n<h3 class=\"wp-block-heading\">2. Erhebung und Speicherung personenbezogener Daten sowie Art und Zweck der Verwendung<\/h3>\n\n\n\n<p><strong>a) Beim Besuch der Website<\/strong><br>Beim Aufrufen unserer Website <a class=\"\" href=\"https:\/\/whisky-golf-lounge.de\/en\/\">www.whisky-golf-lounge.de<\/a> \u00fcbermittelt Ihr Browser automatisch Informationen an unseren Server. Diese Informationen werden tempor\u00e4r in sogenannten Logfiles gespeichert. Dabei handelt es sich um:<\/p>\n\n\n\n<ul class=\"wp-block-list\">\n<li>IP-Adresse des anfragenden Rechners<\/li>\n\n\n\n<li>Datum und Uhrzeit des Zugriffs<\/li>\n\n\n\n<li>Name und URL der abgerufenen Datei<\/li>\n\n\n\n<li>Referrer-URL<\/li>\n\n\n\n<li>verwendeter Browser und ggf. Betriebssystem<\/li>\n\n\n\n<li>Name Ihres Access-Providers<\/li>\n<\/ul>\n\n\n\n<p>Zwecke der Verarbeitung:<\/p>\n\n\n\n<ul class=\"wp-block-list\">\n<li>Gew\u00e4hrleistung eines reibungslosen Verbindungsaufbaus<\/li>\n\n\n\n<li>Gew\u00e4hrleistung einer komfortablen Nutzung<\/li>\n\n\n\n<li>Auswertung der Systemsicherheit und -stabilit\u00e4t<\/li>\n\n\n\n<li>administrative Zwecke<\/li>\n<\/ul>\n\n\n\n<p>Rechtsgrundlage: Art. 6 Abs. 1 S. 1 lit. f DSGVO (berechtigtes Interesse).<\/p>\n\n\n\n<p><strong>b) Kontaktformular \/ Kontaktaufnahme<\/strong><br>Wenn Sie uns \u00fcber ein Formular kontaktieren, ben\u00f6tigen wir Name und E-Mail-Adresse. Weitere Angaben sind freiwillig.<br>Rechtsgrundlage: Art. 6 Abs. 1 S. 1 lit. a DSGVO (Einwilligung).<br>Die Daten werden nach Erledigung Ihrer Anfrage gel\u00f6scht.<\/p>\n\n\n\n<hr class=\"wp-block-separator has-alpha-channel-opacity\"\/>\n\n\n\n<h3 class=\"wp-block-heading\">3. Weitergabe von Daten<\/h3>\n\n\n\n<p>Eine Weitergabe erfolgt nur, wenn:<\/p>\n\n\n\n<ul class=\"wp-block-list\">\n<li>Sie ausdr\u00fccklich eingewilligt haben (Art. 6 Abs. 1 S. 1 lit. a DSGVO)<\/li>\n\n\n\n<li>sie zur Geltendmachung oder Verteidigung von Anspr\u00fcchen erforderlich ist (lit. f)<\/li>\n\n\n\n<li>eine rechtliche Verpflichtung besteht (lit. c)<\/li>\n\n\n\n<li>sie f\u00fcr die Vertragserf\u00fcllung erforderlich ist (lit. b)<\/li>\n<\/ul>\n\n\n\n<hr class=\"wp-block-separator has-alpha-channel-opacity\"\/>\n\n\n\n<h3 class=\"wp-block-heading\">4. Cookies<\/h3>\n\n\n\n<p>Wir verwenden keine Cookies.<\/p>\n\n\n\n<h3 class=\"wp-block-heading\">5. Analyse-Tools<\/h3>\n\n\n\n<p>Wir verwenden keine Analyse- oder Trackingtools.<\/p>\n\n\n\n<hr class=\"wp-block-separator has-alpha-channel-opacity\"\/>\n\n\n\n<h3 class=\"wp-block-heading\">6. Ihre Rechte<\/h3>\n\n\n\n<p>Sie haben gem\u00e4\u00df DSGVO folgende Rechte:<\/p>\n\n\n\n<ul class=\"wp-block-list\">\n<li><strong>Art. 15<\/strong> \u2013 Auskunft<\/li>\n\n\n\n<li><strong>Art. 16<\/strong> \u2013 Berichtigung<\/li>\n\n\n\n<li><strong>Art. 17<\/strong> \u2013 L\u00f6schung<\/li>\n\n\n\n<li><strong>Art. 18<\/strong> \u2013 Einschr\u00e4nkung<\/li>\n\n\n\n<li><strong>Art. 20<\/strong> \u2013 Daten\u00fcbertragbarkeit<\/li>\n\n\n\n<li><strong>Art. 7 Abs. 3<\/strong> \u2013 Widerruf der Einwilligung<\/li>\n\n\n\n<li><strong>Art. 77<\/strong> \u2013 Beschwerderecht bei einer Aufsichtsbeh\u00f6rde<\/li>\n<\/ul>\n\n\n\n<hr class=\"wp-block-separator has-alpha-channel-opacity\"\/>\n\n\n\n<h3 class=\"wp-block-heading\">7. Widerspruchsrecht<\/h3>\n\n\n\n<p>Sie k\u00f6nnen der Verarbeitung widersprechen (Art. 21 DSGVO), wenn daf\u00fcr Gr\u00fcnde vorliegen, die sich aus Ihrer besonderen Situation ergeben, oder wenn es sich um Direktwerbung handelt.<br>Ein Widerspruch gen\u00fcgt per E-Mail an <strong><a class=\"\">datenschutz@ikonikom.de<\/a><\/strong>.<\/p>\n\n\n\n<hr class=\"wp-block-separator has-alpha-channel-opacity\"\/>\n\n\n\n<h3 class=\"wp-block-heading\">8. Datensicherheit<\/h3>\n\n\n\n<p>Unsere Seite nutzt SSL-Verschl\u00fcsselung (256-Bit oder 128-Bit je nach Browser). Au\u00dferdem treffen wir angemessene technische und organisatorische Ma\u00dfnahmen zum Schutz Ihrer Daten.<\/p>\n\n\n\n<hr class=\"wp-block-separator has-alpha-channel-opacity\"\/>\n\n\n\n<h3 class=\"wp-block-heading\">9. G\u00fcltigkeit<\/h3>\n\n\n\n<p>Stand: M\u00e4rz 2025<\/p>\n\n\n\n<p>Diese Datenschutzerkl\u00e4rung kann sich \u00e4ndern, um rechtlichen oder technischen Anforderungen gerecht zu werden. Die aktuelle Version finden Sie jederzeit unter https:\/\/whisky-golf-lounge.de\/privacy-policy\/<\/p>\n\n\n\n<p><\/p>","protected":false},"excerpt":{"rendered":"<p>Impressum Angaben gem\u00e4\u00df \u00a7 5 TMG: Whisky Golf Lounge Ein Projekt derWerbefabrik Ikonikom GmbH &amp; Co. KGBaumwasenstra\u00dfe 22D-73614 Schorndorf Tel: +49 (0)7181-48294-0Fax: +49 (0)7181-48294-9E-Mail: info@ikonikom.de Gesch\u00e4ftszeiten: Montag bis Freitag: 8:00 \u2013 18:00 UhrSamstag &amp; Sonntag: nach Vereinbarung Sitz der KG: Schorndorf Pers\u00f6nlich haftende Gesellschafterin: Wiesner Verwaltungs GmbH Registergericht: Stuttgart HRA 736890 Gesch\u00e4ftsf\u00fchrerin: Anett Wiesner Datenschutzerkl\u00e4rung [&hellip;]<\/p>\n","protected":false},"author":1,"featured_media":0,"parent":0,"menu_order":0,"comment_status":"closed","ping_status":"open","template":"","meta":{"footnotes":""},"class_list":["post-3","page","type-page","status-publish","hentry"],"aioseo_notices":[],"_links":{"self":[{"href":"https:\/\/whisky-golf-lounge.de\/en\/wp-json\/wp\/v2\/pages\/3","targetHints":{"allow":["GET"]}}],"collection":[{"href":"https:\/\/whisky-golf-lounge.de\/en\/wp-json\/wp\/v2\/pages"}],"about":[{"href":"https:\/\/whisky-golf-lounge.de\/en\/wp-json\/wp\/v2\/types\/page"}],"author":[{"embeddable":true,"href":"https:\/\/whisky-golf-lounge.de\/en\/wp-json\/wp\/v2\/users\/1"}],"replies":[{"embeddable":true,"href":"https:\/\/whisky-golf-lounge.de\/en\/wp-json\/wp\/v2\/comments?post=3"}],"version-history":[{"count":3,"href":"https:\/\/whisky-golf-lounge.de\/en\/wp-json\/wp\/v2\/pages\/3\/revisions"}],"predecessor-version":[{"id":220,"href":"https:\/\/whisky-golf-lounge.de\/en\/wp-json\/wp\/v2\/pages\/3\/revisions\/220"}],"wp:attachment":[{"href":"https:\/\/whisky-golf-lounge.de\/en\/wp-json\/wp\/v2\/media?parent=3"}],"curies":[{"name":"wp","href":"https:\/\/api.w.org\/{rel}","templated":true}]}}