{"id":27,"date":"2025-03-27T12:45:51","date_gmt":"2025-03-27T12:45:51","guid":{"rendered":"https:\/\/whisky-golf-lounge.de\/contact\/"},"modified":"2026-01-12T14:50:59","modified_gmt":"2026-01-12T14:50:59","slug":"kontakt","status":"publish","type":"page","link":"https:\/\/whisky-golf-lounge.de\/en\/kontakt\/","title":{"rendered":"Contact \/ Reservation"},"content":{"rendered":"\n<div class=\"wp-block-group alignfull has-background-background-color has-background has-global-padding is-content-justification-center is-layout-constrained wp-container-core-group-is-layout-e175ef04 wp-block-group-is-layout-constrained\" style=\"border-top-width:1px;margin-top:0;margin-bottom:0;padding-top:var(--wp--preset--spacing--30);padding-right:var(--wp--preset--spacing--30);padding-bottom:var(--wp--preset--spacing--30);padding-left:var(--wp--preset--spacing--30)\">\n<h1 class=\"wp-block-heading alignwide has-text-align-center\" style=\"font-size:clamp(0.984rem, 0.984rem + ((1vw - 0.2rem) * 0.86), 1.5rem);\">Sie m\u00f6chten unsere Lounge erleben oder einen Raum mieten?<br>Schreiben Sie uns \u2013 wir melden uns schnellstm\u00f6glich zur\u00fcck.<br>Geben Sie gerne an, welcher Zeitraum Sie interessiert.<\/h1>\n<\/div>\n\n\n\n<p><strong>\u00d6ffnungszeiten<\/strong><\/p>\n\n\n\n<p><strong>Mo\u2013Fr<\/strong><br>10\u201322 Uhr<br><br><strong>Sa<\/strong><br>10\u201324 Uhr<\/p>\n\n\n\n<p><strong>So &amp; Feiertage<\/strong><br>12\u201322 Uhr<\/p>\n\n\n\n<p>Andere Zeiten nach Vereinbarung m\u00f6glich.<\/p>\n\n\n\n<hr class=\"wp-block-separator has-alpha-channel-opacity\"\/>\n\n\n\n<p>Sie k\u00f6nnen unser Formular f\u00fcr die Buchung des Indoor-Golfs nutzen.<br>F\u00fcr die Reservierung der Lounge f\u00fcr Veranstaltungen kontaktieren Sie uns bitte unten \u00fcber das Kontaktformular oder rufen Sie uns direkt an.<\/p>\n\n\n\n<p><\/p>\n\n\n\n<div style=\"max-width:900px; margin:0 auto;\">\n    <iframe\n      src=\"https:\/\/anny.co\/book\/indoor-golf-und-lounge-vvv7qmgjrghfyg4k?from=organization&#038;fromName=Whisky+Golf+Lounge&#038;step=period\"\n      style=\"width:100%; height:1200px; border:0;\"\n      loading=\"lazy\">\n    <\/iframe>\n<\/div>\n\n\n\n<div style=\"height:100px\" aria-hidden=\"true\" class=\"wp-block-spacer\"><\/div>\n\n\n\n<hr class=\"wp-block-separator has-alpha-channel-opacity\"\/>\n\n\n\n<h2 class=\"wp-block-heading\">Wenn Sie Fragen haben:<\/h2>\n\n\n<style id=\"wpforms-css-vars-236-block-aaeb7470-aaec-4a19-beac-28160a6cb36a\">\n\t\t\t\t#wpforms-236.wpforms-block-aaeb7470-aaec-4a19-beac-28160a6cb36a {\n\t\t\t\t--wpforms-field-size-input-height: 43px;\n--wpforms-field-size-input-spacing: 15px;\n--wpforms-field-size-font-size: 16px;\n--wpforms-field-size-line-height: 19px;\n--wpforms-field-size-padding-h: 14px;\n--wpforms-field-size-checkbox-size: 16px;\n--wpforms-field-size-sublabel-spacing: 5px;\n--wpforms-field-size-icon-size: 1;\n--wpforms-label-size-font-size: 16px;\n--wpforms-label-size-line-height: 19px;\n--wpforms-label-size-sublabel-font-size: 14px;\n--wpforms-label-size-sublabel-line-height: 17px;\n--wpforms-button-size-font-size: 17px;\n--wpforms-button-size-height: 41px;\n--wpforms-button-size-padding-h: 15px;\n--wpforms-button-size-margin-top: 10px;\n\t\t\t}\n\t\t\t<\/style><div class=\"wpforms-container wpforms-container-full wpforms-block wpforms-block-aaeb7470-aaec-4a19-beac-28160a6cb36a wpforms-render-modern\" id=\"wpforms-236\"><form id=\"wpforms-form-236\" class=\"wpforms-validate wpforms-form wpforms-ajax-form\" data-formid=\"236\" method=\"post\" enctype=\"multipart\/form-data\" action=\"\/en\/wp-json\/wp\/v2\/pages\/27\" data-token=\"f38f4804bcd6dd8cf9ab780bfb8121c4\" data-token-time=\"1777494020\"><noscript class=\"wpforms-error-noscript\">Please enable JavaScript in your browser to complete this form.<\/noscript><div id=\"wpforms-error-noscript\" style=\"display: none;\">Please enable JavaScript in your browser to complete this form.<\/div><div class=\"wpforms-field-container\">\t\t<div id=\"wpforms-236-field_4-container\"\n\t\t\tclass=\"wpforms-field wpforms-field-text\"\n\t\t\tdata-field-type=\"text\"\n\t\t\tdata-field-id=\"4\"\n\t\t\t>\n\t\t\t<label class=\"wpforms-field-label\" for=\"wpforms-236-field_4\" >Ihre Ihre E-Mail-Adresse<\/label>\n\t\t\t<input type=\"text\" id=\"wpforms-236-field_4\" class=\"wpforms-field-medium\" name=\"wpforms[fields][4]\" >\n\t\t<\/div>\n\t\t<div id=\"wpforms-236-field_1-container\" class=\"wpforms-field wpforms-field-name\" data-field-id=\"1\"><label class=\"wpforms-field-label\" for=\"wpforms-236-field_1\">Ihr Name <span class=\"wpforms-required-label\" aria-hidden=\"true\">*<\/span><\/label><input type=\"text\" id=\"wpforms-236-field_1\" class=\"wpforms-field-medium wpforms-field-required\" name=\"wpforms[fields][1]\" aria-errormessage=\"wpforms-236-field_1-error\" required><\/div><div id=\"wpforms-236-field_2-container\" class=\"wpforms-field wpforms-field-email\" data-field-id=\"2\"><label class=\"wpforms-field-label\" for=\"wpforms-236-field_2\">Ihre E-Mail-Adresse <span class=\"wpforms-required-label\" aria-hidden=\"true\">*<\/span><\/label><input type=\"email\" id=\"wpforms-236-field_2\" class=\"wpforms-field-medium wpforms-field-required\" name=\"wpforms[fields][2]\" spellcheck=\"false\" aria-errormessage=\"wpforms-236-field_2-error\" required><\/div><div id=\"wpforms-236-field_5-container\" class=\"wpforms-field wpforms-field-text\" data-field-id=\"5\"><label class=\"wpforms-field-label\" for=\"wpforms-236-field_5\">Ihre Telefonnummer<\/label><input type=\"text\" id=\"wpforms-236-field_5\" class=\"wpforms-field-medium\" name=\"wpforms[fields][5]\" aria-errormessage=\"wpforms-236-field_5-error\" ><\/div><div id=\"wpforms-236-field_3-container\" class=\"wpforms-field wpforms-field-textarea\" data-field-id=\"3\"><label class=\"wpforms-field-label\" for=\"wpforms-236-field_3\">Ihre Nachricht <span class=\"wpforms-required-label\" aria-hidden=\"true\">*<\/span><\/label><textarea id=\"wpforms-236-field_3\" class=\"wpforms-field-medium wpforms-field-required\" name=\"wpforms[fields][3]\" aria-errormessage=\"wpforms-236-field_3-error\" required><\/textarea><\/div><script>\n\t\t\t\t( function() {\n\t\t\t\t\tconst style = document.createElement( 'style' );\n\t\t\t\t\tstyle.appendChild( document.createTextNode( '#wpforms-236-field_4-container { position: absolute !important; overflow: hidden !important; display: inline !important; height: 1px !important; width: 1px !important; z-index: -1000 !important; padding: 0 !important; } #wpforms-236-field_4-container input { visibility: hidden; } #wpforms-conversational-form-page #wpforms-236-field_4-container label { counter-increment: none; }' ) );\n\t\t\t\t\tdocument.head.appendChild( style );\n\t\t\t\t\tdocument.currentScript?.remove();\n\t\t\t\t} )();\n\t\t\t<\/script><\/div><!-- .wpforms-field-container --><div class=\"wpforms-submit-container\" ><input type=\"hidden\" name=\"wpforms[id]\" value=\"236\"><input type=\"hidden\" name=\"page_title\" value=\"\"><input type=\"hidden\" name=\"page_url\" value=\"https:\/\/whisky-golf-lounge.de\/en\/wp-json\/wp\/v2\/pages\/27\"><input type=\"hidden\" name=\"url_referer\" value=\"\"><button type=\"submit\" name=\"wpforms[submit]\" id=\"wpforms-submit-236\" class=\"wpforms-submit\" data-alt-text=\"wird gesendet...\" data-submit-text=\"jetzt senden\" aria-live=\"assertive\" value=\"wpforms-submit\">jetzt senden<\/button><img loading=\"lazy\" decoding=\"async\" src=\"https:\/\/whisky-golf-lounge.de\/wp-content\/plugins\/wpforms-lite\/assets\/images\/submit-spin.svg\" class=\"wpforms-submit-spinner\" style=\"display: none;\" width=\"26\" height=\"26\" alt=\"Loading\"><\/div><\/form><\/div>  <!-- .wpforms-container -->\n\n\n<h2 class=\"wp-block-heading\"><\/h2>\n\n\n\n<div class=\"wp-block-group alignfull has-tertiary-background-color has-background has-global-padding is-layout-constrained wp-container-core-group-is-layout-6a1386d3 wp-block-group-is-layout-constrained\" id=\"contact\" style=\"border-top-width:1px;margin-top:0;margin-bottom:0;padding-top:var(--wp--preset--spacing--60);padding-right:0;padding-bottom:var(--wp--preset--spacing--60);padding-left:0\">\n<h2 class=\"wp-block-heading has-text-align-center\">Hier finden Sie uns \u2013 und vielleicht auch Ihren neuen Lieblingsplatz<\/h2>\n\n\n\n<p class=\"has-text-align-center\" style=\"margin-top:0;margin-bottom:0\"><strong>Baumwasenstra\u00dfe 22<br>D-73614 Schorndorf<\/strong><\/p>\n\n\n\n<p class=\"has-text-align-center has-small-font-size\" style=\"margin-top:8px\">Tel.:&nbsp;<a href=\"tel:00497181482940\">+49 (0) 7181-48 29 4-0<\/a><\/p>\n\n\n\n<p class=\"has-text-align-center has-small-font-size\" style=\"margin-top:8px\">info@whisky-golf-lounge.de<\/p>\n<\/div>\n\n\n\n<div class=\"google-map-full\">\n <iframe src=\"https:\/\/www.google.com\/maps\/embed?pb=!1m18!1m12!1m3!1d6521.13341284263!2d9.510765076864608!3d48.80836350422522!2m3!1f0!2f0!3f0!3m2!1i1024!2i768!4f13.1!3m3!1m2!1s0x4799ba7592fa2c79%3A0xb854cc136574cbc3!2sWerbefabrik%20Ikonikom!5e1!3m2!1sde!2sde!4v1743422276105!5m2!1sde!2sde\" width=\"100%\" height=\"450\" style=\"border:0;\" allowfullscreen=\"\" loading=\"lazy\" referrerpolicy=\"no-referrer-when-downgrade\"><\/iframe>\n<\/div>\n\n\n\n<p><\/p>\n\n\n\n<p><\/p>\n","protected":false},"excerpt":{"rendered":"<p>Sie m\u00f6chten unsere Lounge erleben oder einen Raum mieten?Schreiben Sie uns \u2013 wir melden uns schnellstm\u00f6glich zur\u00fcck.Geben Sie gerne an, welcher Zeitraum Sie interessiert. \u00d6ffnungszeiten Mo\u2013Fr10\u201322 Uhr Sa10\u201324 Uhr So &amp; Feiertage12\u201322 Uhr Andere Zeiten nach Vereinbarung m\u00f6glich. Sie k\u00f6nnen unser Formular f\u00fcr die Buchung des Indoor-Golfs nutzen.F\u00fcr die Reservierung der Lounge f\u00fcr Veranstaltungen kontaktieren [&hellip;]<\/p>\n","protected":false},"author":1,"featured_media":0,"parent":0,"menu_order":0,"comment_status":"closed","ping_status":"closed","template":"","meta":{"footnotes":""},"class_list":["post-27","page","type-page","status-publish","hentry"],"aioseo_notices":[],"_links":{"self":[{"href":"https:\/\/whisky-golf-lounge.de\/en\/wp-json\/wp\/v2\/pages\/27","targetHints":{"allow":["GET"]}}],"collection":[{"href":"https:\/\/whisky-golf-lounge.de\/en\/wp-json\/wp\/v2\/pages"}],"about":[{"href":"https:\/\/whisky-golf-lounge.de\/en\/wp-json\/wp\/v2\/types\/page"}],"author":[{"embeddable":true,"href":"https:\/\/whisky-golf-lounge.de\/en\/wp-json\/wp\/v2\/users\/1"}],"replies":[{"embeddable":true,"href":"https:\/\/whisky-golf-lounge.de\/en\/wp-json\/wp\/v2\/comments?post=27"}],"version-history":[{"count":26,"href":"https:\/\/whisky-golf-lounge.de\/en\/wp-json\/wp\/v2\/pages\/27\/revisions"}],"predecessor-version":[{"id":525,"href":"https:\/\/whisky-golf-lounge.de\/en\/wp-json\/wp\/v2\/pages\/27\/revisions\/525"}],"wp:attachment":[{"href":"https:\/\/whisky-golf-lounge.de\/en\/wp-json\/wp\/v2\/media?parent=27"}],"curies":[{"name":"wp","href":"https:\/\/api.w.org\/{rel}","templated":true}]}}