{"id":90,"date":"2025-03-28T10:59:06","date_gmt":"2025-03-28T10:59:06","guid":{"rendered":"https:\/\/whisky-golf-lounge.de\/?page_id=90"},"modified":"2026-03-18T12:55:41","modified_gmt":"2026-03-18T12:55:41","slug":"angebot","status":"publish","type":"page","link":"https:\/\/whisky-golf-lounge.de\/de\/angebot\/","title":{"rendered":"Angebot"},"content":{"rendered":"\n<div class=\"wp-block-group alignfull has-accent-background-color has-background has-global-padding is-layout-constrained wp-container-core-group-is-layout-669513ed wp-block-group-is-layout-constrained\" style=\"margin-top:0;margin-bottom:0;padding-top:var(--wp--preset--spacing--50);padding-right:var(--wp--preset--spacing--50);padding-bottom:var(--wp--preset--spacing--50);padding-left:var(--wp--preset--spacing--50)\">\n<div class=\"wp-block-columns alignwide is-layout-flex wp-container-core-columns-is-layout-1da03c2a wp-block-columns-is-layout-flex\">\n<div class=\"wp-block-column is-vertically-aligned-stretch is-layout-flow wp-block-column-is-layout-flow\" style=\"flex-basis:50%\">\n<div class=\"wp-block-group is-vertical is-content-justification-stretch is-layout-flex wp-container-core-group-is-layout-444d5ee8 wp-block-group-is-layout-flex\" style=\"min-height:100%\">\n<p class=\"has-heading-font-family has-x-large-font-size\" style=\"line-height:1.2\">Genuss. Spiel. Zeit f\u00fcr euch.<\/p>\n\n\n\n<div class=\"wp-block-group has-global-padding is-content-justification-left is-layout-constrained wp-container-core-group-is-layout-9fe8ed88 wp-block-group-is-layout-constrained\">\n<p class=\"wp-container-content-0733e5d0\">Entdecken Sie, was unsere Lounge zu bieten hat.<br>Ganz gleich, ob f\u00fcr einen entspannten Abend, ein Business-Event oder einfach nur f\u00fcr ein gutes Glas in stilvoller Umgebung.<\/p>\n\n\n\n<p class=\"wp-container-content-0733e5d0\"><\/p>\n\n\n\n<div class=\"wp-block-buttons is-layout-flex wp-block-buttons-is-layout-flex\">\n<div class=\"wp-block-button\"><a class=\"wp-block-button__link wp-element-button\" href=\"https:\/\/whisky-golf-lounge.de\/kontakt\/\">Buchen<\/a><\/div>\n<\/div>\n<\/div>\n<\/div>\n<\/div>\n\n\n\n<div class=\"wp-block-column is-vertically-aligned-center is-layout-flow wp-block-column-is-layout-flow\" style=\"flex-basis:50%\">\n<figure class=\"wp-block-image size-full is-style-rounded is-style-rounded--1\"><img loading=\"lazy\" decoding=\"async\" width=\"1721\" height=\"1145\" src=\"https:\/\/whisky-golf-lounge.de\/wp-content\/uploads\/2025\/04\/PM7_9464-1.jpg\" alt=\"\" class=\"wp-image-290\" style=\"aspect-ratio:3\/4;object-fit:cover\" srcset=\"https:\/\/whisky-golf-lounge.de\/wp-content\/uploads\/2025\/04\/PM7_9464-1.jpg 1721w, https:\/\/whisky-golf-lounge.de\/wp-content\/uploads\/2025\/04\/PM7_9464-1-300x200.jpg 300w, https:\/\/whisky-golf-lounge.de\/wp-content\/uploads\/2025\/04\/PM7_9464-1-1024x681.jpg 1024w, https:\/\/whisky-golf-lounge.de\/wp-content\/uploads\/2025\/04\/PM7_9464-1-768x511.jpg 768w, https:\/\/whisky-golf-lounge.de\/wp-content\/uploads\/2025\/04\/PM7_9464-1-1536x1022.jpg 1536w, https:\/\/whisky-golf-lounge.de\/wp-content\/uploads\/2025\/04\/PM7_9464-1-600x399.jpg 600w\" sizes=\"auto, (max-width: 1721px) 100vw, 1721px\" \/><\/figure>\n<\/div>\n<\/div>\n<\/div>\n\n\n\n<div class=\"wp-block-group alignfull has-accent-5-background-color has-background has-global-padding is-layout-constrained wp-container-core-group-is-layout-d89aad35 wp-block-group-is-layout-constrained\" style=\"margin-top:0;margin-bottom:0;padding-top:var(--wp--preset--spacing--50);padding-right:var(--wp--preset--spacing--50);padding-bottom:var(--wp--preset--spacing--50);padding-left:var(--wp--preset--spacing--50)\">\n<div class=\"wp-block-columns alignwide is-layout-flex wp-container-core-columns-is-layout-1da03c2a wp-block-columns-is-layout-flex\">\n<div class=\"wp-block-column is-vertically-aligned-center is-layout-flow wp-block-column-is-layout-flow\" style=\"flex-basis:60%\">\n<figure class=\"wp-block-image size-full is-style-rounded wp-duotone-unset-3 is-style-rounded--2\"><img loading=\"lazy\" decoding=\"async\" width=\"1000\" height=\"750\" src=\"https:\/\/whisky-golf-lounge.de\/wp-content\/uploads\/2025\/04\/image00006.jpg\" alt=\"\" class=\"wp-image-292\" style=\"aspect-ratio:4\/3;object-fit:cover\" srcset=\"https:\/\/whisky-golf-lounge.de\/wp-content\/uploads\/2025\/04\/image00006.jpg 1000w, https:\/\/whisky-golf-lounge.de\/wp-content\/uploads\/2025\/04\/image00006-300x225.jpg 300w, https:\/\/whisky-golf-lounge.de\/wp-content\/uploads\/2025\/04\/image00006-768x576.jpg 768w, https:\/\/whisky-golf-lounge.de\/wp-content\/uploads\/2025\/04\/image00006-600x450.jpg 600w\" sizes=\"auto, (max-width: 1000px) 100vw, 1000px\" \/><\/figure>\n<\/div>\n\n\n\n<div class=\"wp-block-column is-layout-flow wp-block-column-is-layout-flow\" style=\"flex-basis:40%\">\n<h2 class=\"wp-block-heading\">Indoor Golf<\/h2>\n\n\n\n<p>Golferlebnis unabh\u00e4ngig vom Wetter \u2013 auf unserer gro\u00dfen Leinwand erleben Sie realistische Schw\u00fcnge und spannende Spiele.<\/p>\n\n\n\n<ul class=\"wp-block-list\">\n<li>Perfekt f\u00fcr Einsteiger und Profis<\/li>\n\n\n\n<li>Lockeres Spielen oder gezieltes Training<\/li>\n\n\n\n<li>Auf Wunsch mit individuellem Mentoring durch einen erfahrenen Golfer<\/li>\n<\/ul>\n\n\n\n<p><\/p>\n\n\n\n<div class=\"wp-block-buttons is-layout-flex wp-block-buttons-is-layout-flex\">\n<div class=\"wp-block-button\"><a class=\"wp-block-button__link wp-element-button\" href=\"https:\/\/whisky-golf-lounge.de\/contact\/https:\/\/whisky-golf-lounge.de\/kontakt\/\">Buchen<\/a><\/div>\n<\/div>\n<\/div>\n<\/div>\n<\/div>\n\n\n\n<div class=\"wp-block-group alignfull has-accent-5-background-color has-background has-global-padding is-layout-constrained wp-container-core-group-is-layout-d89aad35 wp-block-group-is-layout-constrained\" style=\"margin-top:0;margin-bottom:0;padding-top:var(--wp--preset--spacing--50);padding-right:var(--wp--preset--spacing--50);padding-bottom:var(--wp--preset--spacing--50);padding-left:var(--wp--preset--spacing--50)\">\n<div class=\"wp-block-columns alignwide is-layout-flex wp-container-core-columns-is-layout-1da03c2a wp-block-columns-is-layout-flex\">\n<div class=\"wp-block-column is-vertically-aligned-center is-layout-flow wp-block-column-is-layout-flow\" style=\"flex-basis:60%\">\n<figure class=\"wp-block-image size-full is-style-rounded wp-duotone-unset-5 is-style-rounded--4\"><img loading=\"lazy\" decoding=\"async\" width=\"1854\" height=\"1234\" src=\"https:\/\/whisky-golf-lounge.de\/wp-content\/uploads\/2025\/04\/PM7_9478.jpg\" alt=\"\" class=\"wp-image-291\" style=\"aspect-ratio:4\/3;object-fit:cover\" srcset=\"https:\/\/whisky-golf-lounge.de\/wp-content\/uploads\/2025\/04\/PM7_9478.jpg 1854w, https:\/\/whisky-golf-lounge.de\/wp-content\/uploads\/2025\/04\/PM7_9478-300x200.jpg 300w, https:\/\/whisky-golf-lounge.de\/wp-content\/uploads\/2025\/04\/PM7_9478-1024x682.jpg 1024w, https:\/\/whisky-golf-lounge.de\/wp-content\/uploads\/2025\/04\/PM7_9478-768x511.jpg 768w, https:\/\/whisky-golf-lounge.de\/wp-content\/uploads\/2025\/04\/PM7_9478-1536x1022.jpg 1536w, https:\/\/whisky-golf-lounge.de\/wp-content\/uploads\/2025\/04\/PM7_9478-600x399.jpg 600w\" sizes=\"auto, (max-width: 1854px) 100vw, 1854px\" \/><\/figure>\n<\/div>\n\n\n\n<div class=\"wp-block-column is-layout-flow wp-block-column-is-layout-flow\" style=\"flex-basis:40%\">\n<h2 class=\"wp-block-heading\">Whisky, Wein &amp; mehr<\/h2>\n\n\n\n<p>Gute Drinks f\u00fcr gute Abende \u2013 ehrlich, bodenst\u00e4ndig und mit Geschmack.<\/p>\n\n\n\n<ul class=\"wp-block-list\">\n<li>Whiskys &amp; Weine, die einfach gut schmecken \u2013 mehr braucht\u2019s nicht.<\/li>\n\n\n\n<li>Auch alkoholfreie Getr\u00e4nke<\/li>\n\n\n\n<li>Faire Preise<\/li>\n<\/ul>\n\n\n\n<div class=\"wp-block-buttons is-layout-flex wp-block-buttons-is-layout-flex\">\n<div class=\"wp-block-button\"><a class=\"wp-block-button__link wp-element-button\" href=\"https:\/\/whisky-golf-lounge.de\/kontakt\/\">Buchen<\/a><\/div>\n<\/div>\n<\/div>\n<\/div>\n<\/div>\n\n\n\n<div class=\"wp-block-group alignfull has-accent-5-background-color has-background has-global-padding is-layout-constrained wp-container-core-group-is-layout-d89aad35 wp-block-group-is-layout-constrained\" style=\"margin-top:0;margin-bottom:0;padding-top:var(--wp--preset--spacing--50);padding-right:var(--wp--preset--spacing--50);padding-bottom:var(--wp--preset--spacing--50);padding-left:var(--wp--preset--spacing--50)\">\n<div class=\"wp-block-columns alignwide is-layout-flex wp-container-core-columns-is-layout-1da03c2a wp-block-columns-is-layout-flex\">\n<div class=\"wp-block-column is-vertically-aligned-center is-layout-flow wp-block-column-is-layout-flow\" style=\"flex-basis:60%\">\n<figure class=\"wp-block-image size-full is-style-rounded wp-duotone-unset-7 is-style-rounded--6\"><img loading=\"lazy\" decoding=\"async\" width=\"1000\" height=\"666\" src=\"https:\/\/whisky-golf-lounge.de\/wp-content\/uploads\/2025\/04\/PM7_9526.jpg\" alt=\"\" class=\"wp-image-293\" style=\"aspect-ratio:4\/3;object-fit:cover\" srcset=\"https:\/\/whisky-golf-lounge.de\/wp-content\/uploads\/2025\/04\/PM7_9526.jpg 1000w, https:\/\/whisky-golf-lounge.de\/wp-content\/uploads\/2025\/04\/PM7_9526-300x200.jpg 300w, https:\/\/whisky-golf-lounge.de\/wp-content\/uploads\/2025\/04\/PM7_9526-768x511.jpg 768w, https:\/\/whisky-golf-lounge.de\/wp-content\/uploads\/2025\/04\/PM7_9526-600x400.jpg 600w\" sizes=\"auto, (max-width: 1000px) 100vw, 1000px\" \/><\/figure>\n<\/div>\n\n\n\n<div class=\"wp-block-column is-layout-flow wp-block-column-is-layout-flow\" style=\"flex-basis:40%\">\n<h2 class=\"wp-block-heading\">Lounge &amp; Games<\/h2>\n\n\n\n<p>Hier wird es nie langweilig.<br>Billard, Darts und entspannte Lounge-Musik machen jeden Besuch besonders.<\/p>\n\n\n\n<ul class=\"wp-block-list\">\n<li>Billardtisch<\/li>\n\n\n\n<li>Chillige Lounge-Musik<\/li>\n\n\n\n<li>Dartscheibe<\/li>\n<\/ul>\n\n\n\n<div class=\"wp-block-buttons is-layout-flex wp-block-buttons-is-layout-flex\">\n<div class=\"wp-block-button\"><a class=\"wp-block-button__link wp-element-button\" href=\"https:\/\/whisky-golf-lounge.de\/kontakt\/\">Buchen<\/a><\/div>\n<\/div>\n<\/div>\n<\/div>\n<\/div>\n\n\n\n<div class=\"wp-block-group alignfull has-accent-5-background-color has-background has-global-padding is-layout-constrained wp-container-core-group-is-layout-d89aad35 wp-block-group-is-layout-constrained\" style=\"margin-top:0;margin-bottom:0;padding-top:var(--wp--preset--spacing--50);padding-right:var(--wp--preset--spacing--50);padding-bottom:var(--wp--preset--spacing--50);padding-left:var(--wp--preset--spacing--50)\">\n<div class=\"wp-block-columns alignwide is-layout-flex wp-container-core-columns-is-layout-1da03c2a wp-block-columns-is-layout-flex\">\n<div class=\"wp-block-column is-vertically-aligned-center is-layout-flow wp-block-column-is-layout-flow\" style=\"flex-basis:60%\">\n<figure class=\"wp-block-image size-full is-style-rounded wp-duotone-unset-9 is-style-rounded--8\"><img loading=\"lazy\" decoding=\"async\" width=\"1000\" height=\"665\" src=\"https:\/\/whisky-golf-lounge.de\/wp-content\/uploads\/2025\/04\/PM7_9481.jpg\" alt=\"\" class=\"wp-image-295\" style=\"aspect-ratio:4\/3;object-fit:cover\" srcset=\"https:\/\/whisky-golf-lounge.de\/wp-content\/uploads\/2025\/04\/PM7_9481.jpg 1000w, https:\/\/whisky-golf-lounge.de\/wp-content\/uploads\/2025\/04\/PM7_9481-300x200.jpg 300w, https:\/\/whisky-golf-lounge.de\/wp-content\/uploads\/2025\/04\/PM7_9481-768x511.jpg 768w, https:\/\/whisky-golf-lounge.de\/wp-content\/uploads\/2025\/04\/PM7_9481-600x399.jpg 600w\" sizes=\"auto, (max-width: 1000px) 100vw, 1000px\" \/><\/figure>\n<\/div>\n\n\n\n<div class=\"wp-block-column is-layout-flow wp-block-column-is-layout-flow\" style=\"flex-basis:40%\">\n<h2 class=\"wp-block-heading\">Events &amp; Feiern<\/h2>\n\n\n\n<p>Unsere R\u00e4ume stehen Ihnen f\u00fcr private Feiern oder gesch\u00e4ftliche Events zur Verf\u00fcgung.<br>Geben Sie Ihrem Anlass das besondere Ambiente.<\/p>\n\n\n\n<ul class=\"wp-block-list\">\n<li>Private Events<\/li>\n\n\n\n<li>Firmenfeiern<\/li>\n\n\n\n<li>Individuelle Angebote auf Anfrage<\/li>\n<\/ul>\n\n\n\n<div class=\"wp-block-buttons is-layout-flex wp-block-buttons-is-layout-flex\">\n<div class=\"wp-block-button\"><a class=\"wp-block-button__link wp-element-button\" href=\"https:\/\/whisky-golf-lounge.de\/kontakt\/\">Buchen<\/a><\/div>\n<\/div>\n<\/div>\n<\/div>\n<\/div>\n\n\n\n<div class=\"wp-block-group alignfull has-accent-5-background-color has-background has-global-padding is-layout-constrained wp-container-core-group-is-layout-d89aad35 wp-block-group-is-layout-constrained\" style=\"margin-top:0;margin-bottom:0;padding-top:var(--wp--preset--spacing--50);padding-right:var(--wp--preset--spacing--50);padding-bottom:var(--wp--preset--spacing--50);padding-left:var(--wp--preset--spacing--50)\">\n<div class=\"wp-block-columns alignwide is-layout-flex wp-container-core-columns-is-layout-1da03c2a wp-block-columns-is-layout-flex\">\n<div class=\"wp-block-column is-vertically-aligned-center is-layout-flow wp-block-column-is-layout-flow\" style=\"flex-basis:60%\">\n<figure class=\"wp-block-gallery has-nested-images columns-default is-cropped wp-block-gallery-12 is-layout-flex wp-block-gallery-is-layout-flex\">\n<figure class=\"wp-block-image size-full is-style-rounded wp-duotone-unset-11 is-style-rounded--10\"><img loading=\"lazy\" decoding=\"async\" width=\"1854\" height=\"1234\" data-id=\"362\" src=\"https:\/\/whisky-golf-lounge.de\/wp-content\/uploads\/2025\/04\/PM7_9478-1.jpg\" alt=\"\" class=\"wp-image-362\" style=\"object-fit:cover\" srcset=\"https:\/\/whisky-golf-lounge.de\/wp-content\/uploads\/2025\/04\/PM7_9478-1.jpg 1854w, https:\/\/whisky-golf-lounge.de\/wp-content\/uploads\/2025\/04\/PM7_9478-1-300x200.jpg 300w, https:\/\/whisky-golf-lounge.de\/wp-content\/uploads\/2025\/04\/PM7_9478-1-1024x682.jpg 1024w, https:\/\/whisky-golf-lounge.de\/wp-content\/uploads\/2025\/04\/PM7_9478-1-768x511.jpg 768w, https:\/\/whisky-golf-lounge.de\/wp-content\/uploads\/2025\/04\/PM7_9478-1-1536x1022.jpg 1536w, https:\/\/whisky-golf-lounge.de\/wp-content\/uploads\/2025\/04\/PM7_9478-1-600x399.jpg 600w\" sizes=\"auto, (max-width: 1854px) 100vw, 1854px\" \/><\/figure>\n<\/figure>\n<\/div>\n\n\n\n<div class=\"wp-block-column is-layout-flow wp-block-column-is-layout-flow\" style=\"flex-basis:40%\">\n<h2 class=\"wp-block-heading\">Tastings<\/h2>\n\n\n\n<p>Ob Wein oder Whisky \u2013 bei uns entdecken Sie besondere Aromen in entspannter Atmosph\u00e4re.<\/p>\n\n\n\n<ul class=\"wp-block-list\">\n<li>Gef\u00fchrte Wein- und Whisky-Tastings<\/li>\n\n\n\n<li>Verschiedene Themen &amp; Genussreisen<\/li>\n\n\n\n<li>Ideal f\u00fcr Gruppen von 6 bis max. 24 Personen<\/li>\n<\/ul>\n\n\n\n<div class=\"wp-block-buttons is-layout-flex wp-block-buttons-is-layout-flex\">\n<div class=\"wp-block-button\"><a class=\"wp-block-button__link wp-element-button\" href=\"https:\/\/whisky-golf-lounge.de\/de_de\/veranstaltungen\/\">Zum Eventkalender<\/a><\/div>\n<\/div>\n<\/div>\n<\/div>\n<\/div>\n\n\n\n<div class=\"wp-block-group alignfull has-base-color has-contrast-background-color has-text-color has-background has-link-color wp-elements-ff53bc03184d271e6538842f6c31c23f has-global-padding is-layout-constrained wp-container-core-group-is-layout-d89aad35 wp-block-group-is-layout-constrained\" style=\"margin-top:0;margin-bottom:0;padding-top:var(--wp--preset--spacing--50);padding-right:var(--wp--preset--spacing--50);padding-bottom:var(--wp--preset--spacing--50);padding-left:var(--wp--preset--spacing--50)\">\n<h2 class=\"wp-block-heading alignwide has-base-color has-text-color has-link-color wp-elements-c9b5699bdecff18878afa112249018b5\" style=\"font-size:clamp(4.509rem, 4.509rem + ((1vw - 0.2rem) * 9.152), 10rem);letter-spacing:-0.02em\">FAQs<\/h2>\n\n\n\n<div class=\"wp-block-group alignwide is-layout-flow wp-block-group-is-layout-flow\">\n<hr class=\"wp-block-separator has-text-color has-base-color has-alpha-channel-opacity has-base-background-color has-background is-style-wide\" style=\"margin-top:var(--wp--preset--spacing--30);margin-bottom:var(--wp--preset--spacing--30)\"\/>\n\n\n\n<h3 class=\"wp-block-heading alignwide has-base-2-color has-text-color has-link-color wp-elements-8deccb2ba6be4f7eecc292011c139c9f\">Muss ich im Voraus reservieren?<\/h3>\n\n\n\n<p class=\"has-contrast-1-color has-text-color has-link-color wp-elements-6eac971e490db74868dc352609272d80\">Ja, bitte!<br>Damit wir euren Wunschtermin sichern k\u00f6nnen, bitten wir um kurze Anfrage \u2013 telefonisch oder direkt \u00fcber das Formular im Men\u00fcpunkt <strong>Kontakt \/ Reservierung<\/strong>.<\/p>\n\n\n\n<p class=\"has-contrast-1-color has-text-color has-link-color wp-elements-8c736f56de0089f60ad34e148daf27bf\">Spontanbesuche sind m\u00f6glich, wenn noch etwas frei ist \u2013 aber sicher ist sicher.<\/p>\n\n\n\n<hr class=\"wp-block-separator has-text-color has-base-color has-alpha-channel-opacity has-base-background-color has-background is-style-wide\" style=\"margin-top:var(--wp--preset--spacing--30);margin-bottom:var(--wp--preset--spacing--30)\"\/>\n\n\n\n<h3 class=\"wp-block-heading alignwide has-base-2-color has-text-color has-link-color wp-elements-f8b6826dab47195a7f389000bdf9e892\">Wie l\u00e4uft das Indoor Golf ab? Muss ich eigene Ausr\u00fcstung mitbringen?<\/h3>\n\n\n\n<p class=\"has-contrast-1-color has-text-color has-link-color wp-elements-4004adabeb291cdd0b7937b348abc457\">Nein, Sie ben\u00f6tigen keine eigene Ausr\u00fcstung. Alles, was Sie brauchen, stellen wir zur Verf\u00fcgung. Einfach vorbeikommen und loslegen!.<\/p>\n\n\n\n<hr class=\"wp-block-separator has-text-color has-base-color has-alpha-channel-opacity has-base-background-color has-background is-style-wide\" style=\"margin-top:var(--wp--preset--spacing--30);margin-bottom:var(--wp--preset--spacing--30)\"\/>\n\n\n\n<h3 class=\"wp-block-heading alignwide has-base-2-color has-text-color has-link-color wp-elements-4f108b175f2cff7b8977ad6716cc6feb\">Gibt es auch alkoholfreie Getr\u00e4nke?<\/h3>\n\n\n\n<p class=\"has-contrast-1-color has-text-color has-link-color wp-elements-456bdfc61f03543fc19c004bc404fe53\">Selbstverst\u00e4ndlich. Neben erlesenen Whiskys und Weinen bieten wir auch ausgew\u00e4hlte alkoholfreie Getr\u00e4nke.<\/p>\n\n\n\n<hr class=\"wp-block-separator has-text-color has-base-color has-alpha-channel-opacity has-base-background-color has-background is-style-wide\" style=\"margin-top:var(--wp--preset--spacing--30);margin-bottom:var(--wp--preset--spacing--30)\"\/>\n\n\n\n<h3 class=\"wp-block-heading alignwide has-base-2-color has-text-color has-link-color wp-elements-3d5c21d2bf4d4c44e5b1b17e7699e5bb\">Gibt es Parkm\u00f6glichkeiten vor Ort?<\/h3>\n\n\n\n<p class=\"has-contrast-1-color has-text-color has-link-color wp-elements-5919a05c07c16661b780e057e9f6133d\">Ja, es sind ausreichend Parkpl\u00e4tze vorhanden.<\/p>\n\n\n\n<hr class=\"wp-block-separator has-text-color has-base-color has-alpha-channel-opacity has-base-background-color has-background is-style-wide\" style=\"margin-top:var(--wp--preset--spacing--30);margin-bottom:var(--wp--preset--spacing--30)\"\/>\n\n\n\n<h3 class=\"wp-block-heading alignwide has-base-2-color has-text-color has-link-color wp-elements-c1b31e677ab7c2a9ce489772ba513851\">Kann ich die K\u00fcche benutzen?<\/h3>\n\n\n\n<p class=\"has-contrast-1-color has-text-color has-link-color wp-elements-68478cd773f134065d8e5dc6ff67546d\">Ja, unsere K\u00fcche steht Ihnen zur Verf\u00fcgung. Ob f\u00fcr kleine Snacks oder zur Vorbereitung Ihrer eigenen Spezialit\u00e4ten \u2013 nutzen Sie gerne den Raum.<\/p>\n\n\n\n<div style=\"margin-top:var(--wp--preset--spacing--10);margin-bottom:0;height:var(--wp--preset--spacing--10)\" aria-hidden=\"true\" class=\"wp-block-spacer\"><\/div>\n<\/div>\n<\/div>\n","protected":false},"excerpt":{"rendered":"<p>Genuss. Spiel. Zeit f\u00fcr euch. Entdecken Sie, was unsere Lounge zu bieten hat.Ganz gleich, ob f\u00fcr einen entspannten Abend, ein Business-Event oder einfach nur f\u00fcr ein gutes Glas in stilvoller Umgebung. Indoor Golf Golferlebnis unabh\u00e4ngig vom Wetter \u2013 auf unserer gro\u00dfen Leinwand erleben Sie realistische Schw\u00fcnge und spannende Spiele. Whisky, Wein &amp; mehr Gute Drinks [&hellip;]<\/p>\n","protected":false},"author":1,"featured_media":0,"parent":0,"menu_order":0,"comment_status":"closed","ping_status":"closed","template":"","meta":{"footnotes":""},"class_list":["post-90","page","type-page","status-publish","hentry"],"aioseo_notices":[],"_links":{"self":[{"href":"https:\/\/whisky-golf-lounge.de\/de\/wp-json\/wp\/v2\/pages\/90","targetHints":{"allow":["GET"]}}],"collection":[{"href":"https:\/\/whisky-golf-lounge.de\/de\/wp-json\/wp\/v2\/pages"}],"about":[{"href":"https:\/\/whisky-golf-lounge.de\/de\/wp-json\/wp\/v2\/types\/page"}],"author":[{"embeddable":true,"href":"https:\/\/whisky-golf-lounge.de\/de\/wp-json\/wp\/v2\/users\/1"}],"replies":[{"embeddable":true,"href":"https:\/\/whisky-golf-lounge.de\/de\/wp-json\/wp\/v2\/comments?post=90"}],"version-history":[{"count":26,"href":"https:\/\/whisky-golf-lounge.de\/de\/wp-json\/wp\/v2\/pages\/90\/revisions"}],"predecessor-version":[{"id":553,"href":"https:\/\/whisky-golf-lounge.de\/de\/wp-json\/wp\/v2\/pages\/90\/revisions\/553"}],"wp:attachment":[{"href":"https:\/\/whisky-golf-lounge.de\/de\/wp-json\/wp\/v2\/media?parent=90"}],"curies":[{"name":"wp","href":"https:\/\/api.w.org\/{rel}","templated":true}]}}