{"id":28,"date":"2025-03-27T12:45:52","date_gmt":"2025-03-27T12:45:52","guid":{"rendered":"https:\/\/whisky-golf-lounge.de\/home\/"},"modified":"2025-10-28T15:58:06","modified_gmt":"2025-10-28T15:58:06","slug":"home","status":"publish","type":"page","link":"https:\/\/whisky-golf-lounge.de\/de\/","title":{"rendered":"Golf. Drinks. Gute Zeiten."},"content":{"rendered":"\n<figure class=\"wp-block-image alignfull size-full\"><img loading=\"lazy\" decoding=\"async\" width=\"2560\" height=\"917\" src=\"https:\/\/whisky-golf-lounge.de\/wp-content\/uploads\/2025\/10\/image00023-scaled.png\" alt=\"\" class=\"wp-image-435\" srcset=\"https:\/\/whisky-golf-lounge.de\/wp-content\/uploads\/2025\/10\/image00023-scaled.png 2560w, https:\/\/whisky-golf-lounge.de\/wp-content\/uploads\/2025\/10\/image00023-300x107.png 300w, https:\/\/whisky-golf-lounge.de\/wp-content\/uploads\/2025\/10\/image00023-1024x367.png 1024w, https:\/\/whisky-golf-lounge.de\/wp-content\/uploads\/2025\/10\/image00023-768x275.png 768w, https:\/\/whisky-golf-lounge.de\/wp-content\/uploads\/2025\/10\/image00023-1536x550.png 1536w, https:\/\/whisky-golf-lounge.de\/wp-content\/uploads\/2025\/10\/image00023-2048x734.png 2048w, https:\/\/whisky-golf-lounge.de\/wp-content\/uploads\/2025\/10\/image00023-18x6.png 18w\" sizes=\"auto, (max-width: 2560px) 100vw, 2560px\" \/><\/figure>\n\n\n\n<div class=\"wp-block-columns alignfull is-layout-flex wp-container-core-columns-is-layout-28f84493 wp-block-columns-is-layout-flex\">\n<div class=\"wp-block-column is-vertically-aligned-center is-layout-flow wp-block-column-is-layout-flow\" style=\"padding-top:1em;padding-right:1em;padding-bottom:1em;padding-left:1em\">\n<h2 class=\"wp-block-heading has-text-align-left\">Dein Abend, dein Rhythmus<\/h2>\n\n\n\n<p><\/p>\n\n\n\n<p class=\"has-text-align-left\">Ob f\u00fcr eine entspannte Golfrunde oder eine private Feier \u2013 bei uns f\u00fchlt ihr euch wie zu Hause.<br>Unsere Lounge bietet Platz f\u00fcr Billard, Darts und gem\u00fctliche Abende unter Freunden.<\/p>\n\n\n\n<p class=\"has-text-align-left\">Durst? Kein Problem: Es gibt eine feine Auswahl an Drinks \u2013 oder ihr bringt einfach eure eigenen Getr\u00e4nke, Snacks und Spiele mit.<br><br>Unser Golf-Simulator steht euch offen: f\u00fcr Abschl\u00e4ge oder f\u00fcr einen gem\u00fctlichen Kinoabend mit gro\u00dfem Bild und gutem Sound.<br><br><\/p>\n\n\n\n<figure class=\"wp-block-gallery has-nested-images columns-default is-cropped wp-block-gallery-1 is-layout-flex wp-block-gallery-is-layout-flex\">\n<figure class=\"wp-block-image size-large\"><img loading=\"lazy\" decoding=\"async\" width=\"1024\" height=\"681\" data-id=\"370\" src=\"https:\/\/whisky-golf-lounge.de\/wp-content\/uploads\/2025\/04\/PM7_9515-1024x681.jpg\" alt=\"\" class=\"wp-image-370\" srcset=\"https:\/\/whisky-golf-lounge.de\/wp-content\/uploads\/2025\/04\/PM7_9515-1024x681.jpg 1024w, https:\/\/whisky-golf-lounge.de\/wp-content\/uploads\/2025\/04\/PM7_9515-300x200.jpg 300w, https:\/\/whisky-golf-lounge.de\/wp-content\/uploads\/2025\/04\/PM7_9515-768x511.jpg 768w, https:\/\/whisky-golf-lounge.de\/wp-content\/uploads\/2025\/04\/PM7_9515-600x399.jpg 600w, https:\/\/whisky-golf-lounge.de\/wp-content\/uploads\/2025\/04\/PM7_9515.jpg 1500w\" sizes=\"auto, (max-width: 1024px) 100vw, 1024px\" \/><\/figure>\n\n\n\n<figure class=\"wp-block-image size-large\"><img loading=\"lazy\" decoding=\"async\" width=\"1024\" height=\"681\" data-id=\"280\" src=\"https:\/\/whisky-golf-lounge.de\/wp-content\/uploads\/2025\/04\/PM7_9445-1024x681.jpg\" alt=\"\" class=\"wp-image-280\" srcset=\"https:\/\/whisky-golf-lounge.de\/wp-content\/uploads\/2025\/04\/PM7_9445-1024x681.jpg 1024w, https:\/\/whisky-golf-lounge.de\/wp-content\/uploads\/2025\/04\/PM7_9445-300x200.jpg 300w, https:\/\/whisky-golf-lounge.de\/wp-content\/uploads\/2025\/04\/PM7_9445-768x511.jpg 768w, https:\/\/whisky-golf-lounge.de\/wp-content\/uploads\/2025\/04\/PM7_9445-600x399.jpg 600w, https:\/\/whisky-golf-lounge.de\/wp-content\/uploads\/2025\/04\/PM7_9445.jpg 1500w\" sizes=\"auto, (max-width: 1024px) 100vw, 1024px\" \/><\/figure>\n\n\n\n<figure class=\"wp-block-image size-large\"><img loading=\"lazy\" decoding=\"async\" width=\"1024\" height=\"682\" data-id=\"307\" src=\"https:\/\/whisky-golf-lounge.de\/wp-content\/uploads\/2025\/04\/PM7_9486-1024x682.jpg\" alt=\"\" class=\"wp-image-307\" srcset=\"https:\/\/whisky-golf-lounge.de\/wp-content\/uploads\/2025\/04\/PM7_9486-1024x682.jpg 1024w, https:\/\/whisky-golf-lounge.de\/wp-content\/uploads\/2025\/04\/PM7_9486-300x200.jpg 300w, https:\/\/whisky-golf-lounge.de\/wp-content\/uploads\/2025\/04\/PM7_9486-768x511.jpg 768w, https:\/\/whisky-golf-lounge.de\/wp-content\/uploads\/2025\/04\/PM7_9486-1536x1022.jpg 1536w, https:\/\/whisky-golf-lounge.de\/wp-content\/uploads\/2025\/04\/PM7_9486-600x399.jpg 600w, https:\/\/whisky-golf-lounge.de\/wp-content\/uploads\/2025\/04\/PM7_9486.jpg 1869w\" sizes=\"auto, (max-width: 1024px) 100vw, 1024px\" \/><\/figure>\n<\/figure>\n<\/div>\n<\/div>\n\n\n\n<div class=\"wp-block-buttons is-content-justification-center is-layout-flex wp-container-core-buttons-is-layout-a89b3969 wp-block-buttons-is-layout-flex\">\n<div class=\"wp-block-button\"><a class=\"wp-block-button__link wp-element-button\" href=\"https:\/\/whisky-golf-lounge.de\/angebot\/\">Mehr erfahren<\/a><\/div>\n<\/div>\n\n\n\n<div style=\"height:100px\" aria-hidden=\"true\" class=\"wp-block-spacer\"><\/div>\n\n\n\n<div class=\"wp-block-group alignfull has-tertiary-background-color has-background has-global-padding is-layout-constrained wp-container-core-group-is-layout-7276a2bb wp-block-group-is-layout-constrained\" id=\"services\" style=\"border-top-width:1px;margin-top:0;margin-bottom:0;padding-top:var(--wp--preset--spacing--60);padding-right:var(--wp--preset--spacing--30);padding-bottom:var(--wp--preset--spacing--60);padding-left:var(--wp--preset--spacing--30)\">\n<div class=\"wp-block-group alignwide is-vertical is-layout-flex wp-container-core-group-is-layout-fe9cc265 wp-block-group-is-layout-flex\">\n<div class=\"wp-block-group alignwide has-global-padding is-content-justification-left is-layout-constrained wp-container-core-group-is-layout-8b4c372c wp-block-group-is-layout-constrained\">\n<h2 class=\"wp-block-heading\">Golf, Drinks und echte Momente<\/h2>\n\n\n\n<p style=\"margin-top:16px\">Erlebe in Schorndorf eine einzigartige Kombination aus Indoor-Golf, Whisky und Lounge-Vibe.<\/p>\n\n\n\n<p style=\"margin-top:16px\">Unsere Location liegt in der N\u00e4he von Stuttgart, Esslingen und Waiblingen \u2013 ideal f\u00fcr alle, die stilvoll feiern oder entspannt spielen wollen.<\/p>\n\n\n\n<p>Ob Geburtstag, Firmenevent oder einfach ein Abend mit Freunden \u2013 bei uns findest du den passenden Raum.<br><br>Au\u00dferdem kannst du auf unserer gro\u00dfen Leinwand unabh\u00e4ngig vom Wetter Golf spielen \u2013 mit realistischem Feedback und, wenn du willst, auch mit einem erfahrenen Mentor an deiner Seite.<\/p>\n\n\n\n<p style=\"margin-top:16px\">Dabei bist du v\u00f6llig flexibel: Bring deine eigenen Snacks mit oder nutze unsere  K\u00fcche vor Ort, um dich und deine G\u00e4ste selbst zu versorgen. So wird dein Event genau so, wie du es dir w\u00fcnschst.<\/p>\n<\/div>\n<\/div>\n\n\n\n<div class=\"wp-block-columns alignwide is-layout-flex wp-container-core-columns-is-layout-28f84493 wp-block-columns-is-layout-flex\">\n<div class=\"wp-block-column is-layout-flow wp-block-column-is-layout-flow\" style=\"border-width:1px;padding-top:var(--wp--preset--spacing--30);padding-right:var(--wp--preset--spacing--30);padding-bottom:var(--wp--preset--spacing--30);padding-left:var(--wp--preset--spacing--30)\">\n<h3 class=\"wp-block-heading\" style=\"font-size:clamp(14px, 0.875rem + ((1vw - 3.2px) * 0.625), 20px);line-height:1.5\">Private Events<\/h3>\n\n\n\n<p class=\"has-small-font-size\" style=\"margin-top:8px\">Feiere stilvoll mit Lounge-Vibe: Billard, Darts, Drinks und der richtige Sound f\u00fcr deine Runde.<\/p>\n<\/div>\n\n\n\n<div class=\"wp-block-column is-layout-flow wp-block-column-is-layout-flow\" style=\"border-width:1px;padding-top:var(--wp--preset--spacing--30);padding-right:var(--wp--preset--spacing--30);padding-bottom:var(--wp--preset--spacing--30);padding-left:var(--wp--preset--spacing--30)\">\n<h3 class=\"wp-block-heading\" style=\"font-size:clamp(14px, 0.875rem + ((1vw - 3.2px) * 0.625), 20px);line-height:1.5\">Golf Simulator<\/h3>\n\n\n\n<p class=\"has-small-font-size\" style=\"margin-top:8px\">Golfe indoor auf gro\u00dfer Leinwand \u2013 mit realistischem Feedback und jeder Menge Spa\u00df.<\/p>\n<\/div>\n\n\n\n<div class=\"wp-block-column is-layout-flow wp-block-column-is-layout-flow\" style=\"border-width:1px;padding-top:var(--wp--preset--spacing--30);padding-right:var(--wp--preset--spacing--30);padding-bottom:var(--wp--preset--spacing--30);padding-left:var(--wp--preset--spacing--30)\">\n<h3 class=\"wp-block-heading\" style=\"font-size:clamp(14px, 0.875rem + ((1vw - 3.2px) * 0.625), 20px);line-height:1.5\">Whisky Selection<\/h3>\n\n\n\n<p class=\"has-small-font-size\" style=\"margin-top:8px\">Whiskys, die zu entspannten Momenten passen \u2013 ohne Schnickschnack, aber mit viel Geschmack.<\/p>\n<\/div>\n<\/div>\n\n\n\n<div class=\"wp-block-buttons is-content-justification-center is-layout-flex wp-container-core-buttons-is-layout-a89b3969 wp-block-buttons-is-layout-flex\">\n<div class=\"wp-block-button\"><a class=\"wp-block-button__link wp-element-button\" href=\"https:\/\/whisky-golf-lounge.de\/kontakt\/\">Jetzt reservieren<\/a><\/div>\n<\/div>\n<\/div>\n\n\n\n\n\n<div class=\"wp-block-group alignfull has-tertiary-background-color has-background has-global-padding is-layout-constrained wp-container-core-group-is-layout-6fa30f3f wp-block-group-is-layout-constrained\" id=\"features\" style=\"border-top-width:1px;margin-top:0;margin-bottom:0;padding-top:0;padding-right:0;padding-bottom:0;padding-left:0\">\n<div class=\"wp-block-columns alignwide is-layout-flex wp-container-core-columns-is-layout-28232c24 wp-block-columns-is-layout-flex\">\n<div class=\"wp-block-column is-layout-flow wp-block-column-is-layout-flow\" style=\"padding-top:var(--wp--preset--spacing--60);padding-right:var(--wp--preset--spacing--40);padding-bottom:var(--wp--preset--spacing--60);padding-left:var(--wp--preset--spacing--40)\">\n<div class=\"wp-block-group has-global-padding is-content-justification-left is-layout-constrained wp-container-core-group-is-layout-12dd3699 wp-block-group-is-layout-constrained\">\n<h2 class=\"wp-block-heading\">Whisky. Golf. Private Events. Alles an einem Ort.<\/h2>\n\n\n\n<p style=\"margin-top:16px\">Bei uns erwartet dich eine Auswahl an guten Whiskys, Weinen, Sekt und Drinks \u2013 bodenst\u00e4ndig, genussvoll und ohne gro\u00dfes Aufheben.<br>Genie\u00dfe entspannte Stunden in unserer Lounge mit Billard, Darts und Musik \u2013 in bester Gesellschaft.<\/p>\n\n\n\n<p style=\"margin-top:16px\"><\/p>\n<\/div>\n\n\n\n<figure class=\"wp-block-gallery has-nested-images columns-default is-cropped wp-block-gallery-7 is-layout-flex wp-block-gallery-is-layout-flex\">\n<figure class=\"wp-block-image size-full is-style-rounded is-style-rounded--2\"><img loading=\"lazy\" decoding=\"async\" width=\"1000\" height=\"750\" data-id=\"272\" src=\"https:\/\/whisky-golf-lounge.de\/wp-content\/uploads\/2025\/04\/image00014.jpg\" alt=\"\" class=\"wp-image-272\" srcset=\"https:\/\/whisky-golf-lounge.de\/wp-content\/uploads\/2025\/04\/image00014.jpg 1000w, https:\/\/whisky-golf-lounge.de\/wp-content\/uploads\/2025\/04\/image00014-300x225.jpg 300w, https:\/\/whisky-golf-lounge.de\/wp-content\/uploads\/2025\/04\/image00014-768x576.jpg 768w, https:\/\/whisky-golf-lounge.de\/wp-content\/uploads\/2025\/04\/image00014-600x450.jpg 600w\" sizes=\"auto, (max-width: 1000px) 100vw, 1000px\" \/><\/figure>\n\n\n\n<figure class=\"wp-block-image size-full is-style-rounded is-style-rounded--3\"><img loading=\"lazy\" decoding=\"async\" width=\"1000\" height=\"750\" data-id=\"288\" src=\"https:\/\/whisky-golf-lounge.de\/wp-content\/uploads\/2025\/04\/image00324.jpg\" alt=\"\" class=\"wp-image-288\" srcset=\"https:\/\/whisky-golf-lounge.de\/wp-content\/uploads\/2025\/04\/image00324.jpg 1000w, https:\/\/whisky-golf-lounge.de\/wp-content\/uploads\/2025\/04\/image00324-300x225.jpg 300w, https:\/\/whisky-golf-lounge.de\/wp-content\/uploads\/2025\/04\/image00324-768x576.jpg 768w, https:\/\/whisky-golf-lounge.de\/wp-content\/uploads\/2025\/04\/image00324-600x450.jpg 600w\" sizes=\"auto, (max-width: 1000px) 100vw, 1000px\" \/><\/figure>\n\n\n\n<figure class=\"wp-block-image size-full is-style-rounded is-style-rounded--4\"><img loading=\"lazy\" decoding=\"async\" width=\"1000\" height=\"750\" data-id=\"348\" src=\"https:\/\/whisky-golf-lounge.de\/wp-content\/uploads\/2025\/04\/image00333.jpg\" alt=\"\" class=\"wp-image-348\" srcset=\"https:\/\/whisky-golf-lounge.de\/wp-content\/uploads\/2025\/04\/image00333.jpg 1000w, https:\/\/whisky-golf-lounge.de\/wp-content\/uploads\/2025\/04\/image00333-300x225.jpg 300w, https:\/\/whisky-golf-lounge.de\/wp-content\/uploads\/2025\/04\/image00333-768x576.jpg 768w, https:\/\/whisky-golf-lounge.de\/wp-content\/uploads\/2025\/04\/image00333-600x450.jpg 600w\" sizes=\"auto, (max-width: 1000px) 100vw, 1000px\" \/><\/figure>\n\n\n\n<figure class=\"wp-block-image size-full is-style-rounded is-style-rounded--5\"><img loading=\"lazy\" decoding=\"async\" width=\"1000\" height=\"750\" data-id=\"276\" src=\"https:\/\/whisky-golf-lounge.de\/wp-content\/uploads\/2025\/04\/image00624.jpg\" alt=\"\" class=\"wp-image-276\" srcset=\"https:\/\/whisky-golf-lounge.de\/wp-content\/uploads\/2025\/04\/image00624.jpg 1000w, https:\/\/whisky-golf-lounge.de\/wp-content\/uploads\/2025\/04\/image00624-300x225.jpg 300w, https:\/\/whisky-golf-lounge.de\/wp-content\/uploads\/2025\/04\/image00624-768x576.jpg 768w, https:\/\/whisky-golf-lounge.de\/wp-content\/uploads\/2025\/04\/image00624-600x450.jpg 600w\" sizes=\"auto, (max-width: 1000px) 100vw, 1000px\" \/><\/figure>\n\n\n\n<figure class=\"wp-block-image size-full is-style-rounded is-style-rounded--6\"><img loading=\"lazy\" decoding=\"async\" width=\"1000\" height=\"750\" data-id=\"277\" src=\"https:\/\/whisky-golf-lounge.de\/wp-content\/uploads\/2025\/04\/image01067.jpg\" alt=\"\" class=\"wp-image-277\" srcset=\"https:\/\/whisky-golf-lounge.de\/wp-content\/uploads\/2025\/04\/image01067.jpg 1000w, https:\/\/whisky-golf-lounge.de\/wp-content\/uploads\/2025\/04\/image01067-300x225.jpg 300w, https:\/\/whisky-golf-lounge.de\/wp-content\/uploads\/2025\/04\/image01067-768x576.jpg 768w, https:\/\/whisky-golf-lounge.de\/wp-content\/uploads\/2025\/04\/image01067-600x450.jpg 600w\" sizes=\"auto, (max-width: 1000px) 100vw, 1000px\" \/><\/figure>\n<\/figure>\n<\/div>\n\n\n\n<div class=\"wp-block-column is-layout-flow wp-container-core-column-is-layout-650d693b wp-block-column-is-layout-flow\" style=\"padding-top:var(--wp--preset--spacing--60);padding-right:var(--wp--preset--spacing--40);padding-bottom:var(--wp--preset--spacing--60);padding-left:var(--wp--preset--spacing--40)\">\n<div class=\"wp-block-group has-global-padding is-content-justification-left is-layout-constrained wp-container-core-group-is-layout-12dd3699 wp-block-group-is-layout-constrained\">\n<h3 class=\"wp-block-heading\" style=\"font-size:clamp(14px, 0.875rem + ((1vw - 3.2px) * 0.625), 20px);line-height:1.5\">Indoor-Golf mit gro\u00dfer Leinwand<\/h3>\n\n\n\n<p class=\"has-small-font-size\" style=\"margin-top:8px\">zum Spielen, Abschalten oder als Highlight bei Events.<br>Optional mit pers\u00f6nlichem Coaching durch einen Golfer mit \u00fcber 20 Jahren Erfahrung \u2013 ganz ohne Druck, aber mit viel Know-how.<\/p>\n<\/div>\n\n\n\n<div class=\"wp-block-group has-global-padding is-content-justification-left is-layout-constrained wp-container-core-group-is-layout-12dd3699 wp-block-group-is-layout-constrained\">\n<h3 class=\"wp-block-heading\" style=\"font-size:clamp(14px, 0.875rem + ((1vw - 3.2px) * 0.625), 20px);line-height:1.5\">Raum f\u00fcr private Feiern &amp; Firmenevents<\/h3>\n\n\n\n<p class=\"has-small-font-size\" style=\"margin-top:8px\">mit Darts, Billard, Musik und Lounge-Feeling<\/p>\n<\/div>\n\n\n\n<div class=\"wp-block-group has-global-padding is-content-justification-left is-layout-constrained wp-container-core-group-is-layout-12dd3699 wp-block-group-is-layout-constrained\">\n<h3 class=\"wp-block-heading\" style=\"font-size:clamp(14px, 0.875rem + ((1vw - 3.2px) * 0.625), 20px);line-height:1.5\">Reservierungen f\u00fcr Gruppen und Einzelg\u00e4ste<\/h3>\n\n\n\n<p class=\"has-small-font-size\" style=\"margin-top:8px\">flexibel und pers\u00f6nlich<\/p>\n<\/div>\n\n\n\n<div class=\"wp-block-group has-global-padding is-content-justification-left is-layout-constrained wp-container-core-group-is-layout-12dd3699 wp-block-group-is-layout-constrained\">\n<h3 class=\"wp-block-heading\" style=\"font-size:clamp(14px, 0.875rem + ((1vw - 3.2px) * 0.625), 20px);line-height:1.5\">Mach die Leinwand zu deinem Kino<\/h3>\n\n\n\n<p class=\"has-small-font-size\" style=\"margin-top:8px\">f\u00fcr Filmeabende mit Freunden oder ganz private Momente.<\/p>\n<\/div>\n\n\n\n<div class=\"wp-block-buttons is-layout-flex wp-block-buttons-is-layout-flex\">\n<div class=\"wp-block-button\"><a class=\"wp-block-button__link wp-element-button\" href=\"https:\/\/whisky-golf-lounge.de\/angebot\/\">Mehr erfahren<\/a><\/div>\n<\/div>\n<\/div>\n<\/div>\n<\/div>\n","protected":false},"excerpt":{"rendered":"<p>Dein Abend, dein Rhythmus Ob f\u00fcr eine entspannte Golfrunde oder eine private Feier \u2013 bei uns f\u00fchlt ihr euch wie zu Hause.Unsere Lounge bietet Platz f\u00fcr Billard, Darts und gem\u00fctliche Abende unter Freunden. Durst? Kein Problem: Es gibt eine feine Auswahl an Drinks \u2013 oder ihr bringt einfach eure eigenen Getr\u00e4nke, Snacks und Spiele mit. [&hellip;]<\/p>\n","protected":false},"author":1,"featured_media":0,"parent":0,"menu_order":0,"comment_status":"closed","ping_status":"closed","template":"","meta":{"footnotes":""},"class_list":["post-28","page","type-page","status-publish","hentry"],"aioseo_notices":[],"_links":{"self":[{"href":"https:\/\/whisky-golf-lounge.de\/de\/wp-json\/wp\/v2\/pages\/28","targetHints":{"allow":["GET"]}}],"collection":[{"href":"https:\/\/whisky-golf-lounge.de\/de\/wp-json\/wp\/v2\/pages"}],"about":[{"href":"https:\/\/whisky-golf-lounge.de\/de\/wp-json\/wp\/v2\/types\/page"}],"author":[{"embeddable":true,"href":"https:\/\/whisky-golf-lounge.de\/de\/wp-json\/wp\/v2\/users\/1"}],"replies":[{"embeddable":true,"href":"https:\/\/whisky-golf-lounge.de\/de\/wp-json\/wp\/v2\/comments?post=28"}],"version-history":[{"count":49,"href":"https:\/\/whisky-golf-lounge.de\/de\/wp-json\/wp\/v2\/pages\/28\/revisions"}],"predecessor-version":[{"id":449,"href":"https:\/\/whisky-golf-lounge.de\/de\/wp-json\/wp\/v2\/pages\/28\/revisions\/449"}],"wp:attachment":[{"href":"https:\/\/whisky-golf-lounge.de\/de\/wp-json\/wp\/v2\/media?parent=28"}],"curies":[{"name":"wp","href":"https:\/\/api.w.org\/{rel}","templated":true}]}}