{"id":175,"date":"2025-03-31T14:19:43","date_gmt":"2025-03-31T14:19:43","guid":{"rendered":"https:\/\/whisky-golf-lounge.de\/?page_id=175"},"modified":"2025-05-09T09:34:58","modified_gmt":"2025-05-09T09:34:58","slug":"blog","status":"publish","type":"page","link":"https:\/\/whisky-golf-lounge.de\/de\/blog\/","title":{"rendered":"Blog"},"content":{"rendered":"\n<p><\/p>\n\n\n\n<div class=\"wp-block-group alignfull has-background-background-color has-background has-global-padding is-layout-constrained wp-container-core-group-is-layout-28549256 wp-block-group-is-layout-constrained\" style=\"margin-top:0;margin-bottom:0;padding-top:var(--wp--preset--spacing--60);padding-right:var(--wp--preset--spacing--30);padding-bottom:var(--wp--preset--spacing--60);padding-left:var(--wp--preset--spacing--30)\">\n<div class=\"wp-block-columns alignwide is-layout-flex wp-container-core-columns-is-layout-28f84493 wp-block-columns-is-layout-flex\">\n<div class=\"wp-block-column is-layout-flow wp-block-column-is-layout-flow\" style=\"flex-basis:33.33%\">\n<h2 class=\"wp-block-heading has-large-font-size\">Hier passiert mehr als nur Alltag<\/h2>\n\n\n\n<p style=\"margin-top:16px\">Spannende Stories, echte Erlebnisse und ein Blick hinter die Kulissen. Willkommen in unserem Blog!<\/p>\n<\/div>\n\n\n\n<div class=\"wp-block-column is-layout-flow wp-container-core-column-is-layout-22223934 wp-block-column-is-layout-flow\" style=\"flex-basis:66.66%\">\n<div data-wp-context=\"{}\" data-wp-interactive=\"core\/query\" data-wp-key=\"10\" data-wp-router-region=\"query-10\" class=\"wp-block-query alignwide is-layout-flow wp-block-query-is-layout-flow\"><ul class=\"columns-2 wp-block-post-template is-layout-grid wp-container-core-post-template-is-layout-02493678 wp-block-post-template-is-layout-grid\"><li data-wp-key=\"post-template-item-537\" class=\"wp-block-post post-537 post type-post status-publish format-standard has-post-thumbnail hentry category-uncategorized\">\n\n<div class=\"wp-block-group has-tertiary-background-color has-background has-global-padding is-layout-constrained wp-container-core-group-is-layout-124f757b wp-block-group-is-layout-constrained\" style=\"padding-top:0;padding-right:0;padding-bottom:0;padding-left:0\"><figure style=\"aspect-ratio:16\/9;\" class=\"wp-block-post-featured-image\"><a href=\"https:\/\/whisky-golf-lounge.de\/de\/bei-uns-im-whisky-golf-lounge-war-der-cover-band-second-page-zu-gast-und-hat-unsere-location-kurzerhand-zur-mini-rockbuehne-gemacht-%f0%9f%8e%b8\/\" target=\"_self\"  ><img loading=\"lazy\" decoding=\"async\" width=\"2560\" height=\"1707\" src=\"https:\/\/whisky-golf-lounge.de\/wp-content\/uploads\/2026\/02\/IMG_0299-scaled.jpg\" class=\"attachment-post-thumbnail size-post-thumbnail wp-post-image\" alt=\"Bei uns im Whisky Golf Lounge war der Cover-Band Second Page zu Gast \u2013 und hat unsere Location kurzerhand zur Mini-Rockb\u00fchne gemacht \ud83c\udfb8\" style=\"width:100%;height:100%;object-fit:cover;\" srcset=\"https:\/\/whisky-golf-lounge.de\/wp-content\/uploads\/2026\/02\/IMG_0299-scaled.jpg 2560w, https:\/\/whisky-golf-lounge.de\/wp-content\/uploads\/2026\/02\/IMG_0299-300x200.jpg 300w, https:\/\/whisky-golf-lounge.de\/wp-content\/uploads\/2026\/02\/IMG_0299-1024x683.jpg 1024w, https:\/\/whisky-golf-lounge.de\/wp-content\/uploads\/2026\/02\/IMG_0299-768x512.jpg 768w, https:\/\/whisky-golf-lounge.de\/wp-content\/uploads\/2026\/02\/IMG_0299-1536x1024.jpg 1536w, https:\/\/whisky-golf-lounge.de\/wp-content\/uploads\/2026\/02\/IMG_0299-2048x1365.jpg 2048w, https:\/\/whisky-golf-lounge.de\/wp-content\/uploads\/2026\/02\/IMG_0299-18x12.jpg 18w\" sizes=\"auto, (max-width: 2560px) 100vw, 2560px\" \/><\/a><\/figure>\n\n\n<div class=\"wp-block-group has-global-padding is-layout-constrained wp-container-core-group-is-layout-0e4ecca0 wp-block-group-is-layout-constrained\" style=\"padding-top:1.5rem;padding-right:1.5rem;padding-bottom:1.5rem;padding-left:1.5rem\"><div style=\"margin-top:0px;margin-bottom:8px\" class=\"taxonomy-category has-link-color wp-elements-a2eb4971162490789067cabf02bdbd90 wp-block-post-terms has-small-font-size\"><a href=\"https:\/\/whisky-golf-lounge.de\/de\/category\/uncategorized\/\" rel=\"tag\">Uncategorized<\/a><\/div>\n\n<h2 style=\"font-size:clamp(0.984rem, 0.984rem + ((1vw - 0.2rem) * 0.86), 1.5rem); margin-top:6px;margin-bottom:12px;\" class=\"wp-block-post-title\"><a href=\"https:\/\/whisky-golf-lounge.de\/de\/bei-uns-im-whisky-golf-lounge-war-der-cover-band-second-page-zu-gast-und-hat-unsere-location-kurzerhand-zur-mini-rockbuehne-gemacht-%f0%9f%8e%b8\/\" target=\"_self\" >Bei uns im Whisky Golf Lounge war der Cover-Band Second Page zu Gast \u2013 und hat unsere Location kurzerhand zur Mini-Rockb\u00fchne gemacht \ud83c\udfb8<\/a><\/h2>\n\n<div style=\"margin-top:0;margin-bottom:0;\" class=\"wp-block-post-excerpt has-small-font-size\"><p class=\"wp-block-post-excerpt__excerpt\">Billardtisch, Gitarren, Whisky-Wall, warmes Licht \u2013 entstanden sind Bilder, die direkt wie ein Album-Cover&hellip; <\/p><\/div><\/div>\n<\/div>\n\n<\/li><li data-wp-key=\"post-template-item-1\" class=\"wp-block-post post-1 post type-post status-publish format-standard has-post-thumbnail hentry category-uncategorized\">\n\n<div class=\"wp-block-group has-tertiary-background-color has-background has-global-padding is-layout-constrained wp-container-core-group-is-layout-124f757b wp-block-group-is-layout-constrained\" style=\"padding-top:0;padding-right:0;padding-bottom:0;padding-left:0\"><figure style=\"aspect-ratio:16\/9;\" class=\"wp-block-post-featured-image\"><a href=\"https:\/\/whisky-golf-lounge.de\/de\/hello-world\/\" target=\"_self\"  ><img loading=\"lazy\" decoding=\"async\" width=\"1000\" height=\"665\" src=\"https:\/\/whisky-golf-lounge.de\/wp-content\/uploads\/2025\/03\/PM7_9543-website.jpg\" class=\"attachment-post-thumbnail size-post-thumbnail wp-post-image\" alt=\"Ein Spiel unter Freunden: Unsere G\u00e4ste haben ein Dart-Turnier veranstaltet\" style=\"width:100%;height:100%;object-fit:cover;\" srcset=\"https:\/\/whisky-golf-lounge.de\/wp-content\/uploads\/2025\/03\/PM7_9543-website.jpg 1000w, https:\/\/whisky-golf-lounge.de\/wp-content\/uploads\/2025\/03\/PM7_9543-website-300x200.jpg 300w, https:\/\/whisky-golf-lounge.de\/wp-content\/uploads\/2025\/03\/PM7_9543-website-768x511.jpg 768w, https:\/\/whisky-golf-lounge.de\/wp-content\/uploads\/2025\/03\/PM7_9543-website-600x399.jpg 600w\" sizes=\"auto, (max-width: 1000px) 100vw, 1000px\" \/><\/a><\/figure>\n\n\n<div class=\"wp-block-group has-global-padding is-layout-constrained wp-container-core-group-is-layout-0e4ecca0 wp-block-group-is-layout-constrained\" style=\"padding-top:1.5rem;padding-right:1.5rem;padding-bottom:1.5rem;padding-left:1.5rem\"><div style=\"margin-top:0px;margin-bottom:8px\" class=\"taxonomy-category has-link-color wp-elements-a2eb4971162490789067cabf02bdbd90 wp-block-post-terms has-small-font-size\"><a href=\"https:\/\/whisky-golf-lounge.de\/de\/category\/uncategorized\/\" rel=\"tag\">Uncategorized<\/a><\/div>\n\n<h2 style=\"font-size:clamp(0.984rem, 0.984rem + ((1vw - 0.2rem) * 0.86), 1.5rem); margin-top:6px;margin-bottom:12px;\" class=\"wp-block-post-title\"><a href=\"https:\/\/whisky-golf-lounge.de\/de\/hello-world\/\" target=\"_self\" >Ein Spiel unter Freunden: Unsere G\u00e4ste haben ein Dart-Turnier veranstaltet<\/a><\/h2>\n\n<div style=\"margin-top:0;margin-bottom:0;\" class=\"wp-block-post-excerpt has-small-font-size\"><p class=\"wp-block-post-excerpt__excerpt\">Manchmal ist es das Beste, einfach die T\u00fcr zur Au\u00dfenwelt zu schlie\u00dfen und den&hellip; <\/p><\/div><\/div>\n<\/div>\n\n<\/li><\/ul>\n\n<\/div>\n<\/div>\n<\/div>\n<\/div>\n","protected":false},"excerpt":{"rendered":"<p>Hier passiert mehr als nur Alltag Spannende Stories, echte Erlebnisse und ein Blick hinter die Kulissen. Willkommen in unserem Blog!<\/p>\n","protected":false},"author":1,"featured_media":0,"parent":0,"menu_order":0,"comment_status":"closed","ping_status":"closed","template":"","meta":{"footnotes":""},"class_list":["post-175","page","type-page","status-publish","hentry"],"aioseo_notices":[],"_links":{"self":[{"href":"https:\/\/whisky-golf-lounge.de\/de\/wp-json\/wp\/v2\/pages\/175","targetHints":{"allow":["GET"]}}],"collection":[{"href":"https:\/\/whisky-golf-lounge.de\/de\/wp-json\/wp\/v2\/pages"}],"about":[{"href":"https:\/\/whisky-golf-lounge.de\/de\/wp-json\/wp\/v2\/types\/page"}],"author":[{"embeddable":true,"href":"https:\/\/whisky-golf-lounge.de\/de\/wp-json\/wp\/v2\/users\/1"}],"replies":[{"embeddable":true,"href":"https:\/\/whisky-golf-lounge.de\/de\/wp-json\/wp\/v2\/comments?post=175"}],"version-history":[{"count":3,"href":"https:\/\/whisky-golf-lounge.de\/de\/wp-json\/wp\/v2\/pages\/175\/revisions"}],"predecessor-version":[{"id":327,"href":"https:\/\/whisky-golf-lounge.de\/de\/wp-json\/wp\/v2\/pages\/175\/revisions\/327"}],"wp:attachment":[{"href":"https:\/\/whisky-golf-lounge.de\/de\/wp-json\/wp\/v2\/media?parent=175"}],"curies":[{"name":"wp","href":"https:\/\/api.w.org\/{rel}","templated":true}]}}